{"id":15557,"date":"2023-11-03T00:59:01","date_gmt":"2023-11-03T00:59:01","guid":{"rendered":"https:\/\/mvinternational.ngo\/?page_id=15557"},"modified":"2023-11-03T01:00:47","modified_gmt":"2023-11-03T01:00:47","slug":"mv-internationals-social-campaigns","status":"publish","type":"page","link":"https:\/\/mvinternational.ngo\/de\/mv-internationals-social-campaigns\/","title":{"rendered":"Die sozialen Kampagnen von MV International"},"content":{"rendered":"<h1>\n<p>Die sozialen Kampagnen von MV International <o:p><\/o:p><\/p>\n<\/h1>\n<p><\/p>\n\n\n<\/p>\n<p>Wir von MV International setzen uns daf\u00fcr ein, einen positiven Einfluss auf das Leben junger Menschen und Gemeinschaften zu haben. Jedes Jahr organisieren wir eine lebendige und wirkungsvolle soziale Kampagne, die von der Europ\u00e4ischen Jugendstiftung (EYF) kofinanziert wird, um etwas zu bewirken.<\/p>\n<p>\n\n\n<p><\/p>\n<p><\/p>\n\n\n<\/p>\n<p>Das Europ\u00e4ische Jugendforum (EJF) ist ein renommierter Fonds, der 1972 vom Europarat eingerichtet wurde, um europ\u00e4ische Jugendaktivit\u00e4ten finanziell und durch Bildungsma\u00dfnahmen zu unterst\u00fctzen. Diese Partnerschaft erm\u00f6glicht es uns, die Energie und Kreativit\u00e4t von Jugendorganisationen aus ganz Europa zu b\u00fcndeln, um dr\u00e4ngende gesellschaftliche Probleme anzugehen und einen positiven Wandel zu f\u00f6rdern.<\/p>\n<p>\n\n\n<p><\/p>\n<p><\/p>\n\n\n<\/p>\n<p><strong>Was ist die Europ\u00e4ische Jugendstiftung (EYF)?<\/strong><\/p>\n<p>\n\n\n<p><\/p>\n<p><\/p>\n\n\n<\/p>\n<p>Die Europ\u00e4ische Jugendstiftung, die der Generaldirektion f\u00fcr Demokratie und Menschenw\u00fcrde des Europarats unterstellt ist, spielt eine entscheidende Rolle bei der Unterst\u00fctzung von Jugendaktivit\u00e4ten. Es ist ein Fonds mit einer langen Geschichte, der die Jugend dazu bef\u00e4higt, Ver\u00e4nderungen voranzutreiben. Die Aufgabe des EYF besteht darin, eine aktive und verantwortungsvolle B\u00fcrgerschaft unter jungen Menschen zu f\u00f6rdern und zu erhalten, ihre Beteiligung an der Gestaltung ihrer Gesellschaften zu unterst\u00fctzen und die Jugendarbeit zu entwickeln.<\/p>\n<p>\n\n\n<p><\/p>\n<p><\/p>\n\n\n<\/p>\n<p><strong>Wer kann sich bei der Europ\u00e4ischen Jugendstiftung (EYF) bewerben?<\/strong><\/p>\n<p>\n\n\n<p><\/p>\n<p><\/p>\n\n\n<\/p>\n<p>Das EYF steht Jugend-Nichtregierungsorganisationen (NGOs) aus den 46 Mitgliedsstaaten des Europarates offen.<\/p>\n<p>\n\n\n<p><\/p>\n<p><\/p>\n\n\n<\/p>\n<p><strong>Die j\u00e4hrliche Sozialkampagne von MV International: Einen Unterschied machen<\/strong><\/p>\n<p>\n\n\n<p><\/p>\n<p><\/p>\n\n\n<\/p>\n<p>Unsere j\u00e4hrlichen sozialen Kampagnen sind Ausdruck unseres Engagements f\u00fcr den Aufbau einer besseren Zukunft f\u00fcr junge Menschen und die Gesellschaft als Ganzes. Wir arbeiten mit Jugend-NGOs zusammen und nutzen ihre vielf\u00e4ltigen Talente, Ideen und Leidenschaften, um sinnvolle Initiativen zu schaffen, die sich mit kritischen Themen befassen, die unsere Gemeinschaften betreffen. Die Unterst\u00fctzung durch die Europ\u00e4ische Jugendstiftung erm\u00f6glicht es uns, unsere Reichweite und Wirkung zu vergr\u00f6\u00dfern und so einen gr\u00f6\u00dferen und dauerhaften Effekt zu erzielen.<\/p>\n<p>\n\n\n<p><\/p>\n<p><\/p>\n\n\n<\/p>\n<p>Bleiben Sie auf dem Laufenden und engagieren Sie sich<\/p>\n<p>\n\n\n<p><\/p>\n<p><\/p>\n\n\n<\/p>\n<p>Wenn Sie \u00fcber die j\u00e4hrliche Sozialkampagne von MV International auf dem Laufenden bleiben und gemeinsam mit uns etwas bewirken m\u00f6chten, sollten Sie unsere Website und unsere Social-Media-Kan\u00e4le verfolgen. Wir glauben, dass positive Ver\u00e4nderungen mit den kollektiven Bem\u00fchungen von engagierten Einzelpersonen und Organisationen beginnen, die sich f\u00fcr eine bessere Zukunft einsetzen.<\/p>\n<p>\n\n\n<p><\/p>\n<p><\/p>\n\n\n<\/p>\n<p>Gemeinsam k\u00f6nnen wir eine bessere Welt f\u00fcr junge Menschen und unsere Gemeinschaften schaffen.<\/p>\n<p>\n\n\n<p><\/p>\n<p>\t\t\t\t\t\t\t\t\t\t\t\t\t\t\t<img loading=\"lazy\" decoding=\"async\" width=\"900\" height=\"900\" src=\"https:\/\/mvinternational.ngo\/wp-content\/uploads\/2023\/11\/322896498_535267168545668_4451684806135165157_n-1024x1024-1.png\" alt=\"\"><br>\n\t\t\t\t\t\t\t\t\t\t\t\t\t\t\t<img loading=\"lazy\" decoding=\"async\" width=\"600\" height=\"567\" src=\"https:\/\/mvinternational.ngo\/wp-content\/uploads\/2023\/11\/Collage-Final-Post-1-1024x968-1-600x567-1.png\" alt=\"\"><br>\n\t\t\t\t\t\t\t\t\t\t\t\t\t\t\t<img loading=\"lazy\" decoding=\"async\" width=\"900\" height=\"754\" src=\"https:\/\/mvinternational.ngo\/wp-content\/uploads\/2023\/11\/mvi-sc19.png\" alt=\"\"><\/p>","protected":false},"excerpt":{"rendered":"<p>Soziale Kampagnen von MV International Wir von MV International setzen uns daf\u00fcr ein, einen positiven Einfluss auf das Leben junger Menschen und Gemeinschaften zu nehmen. Jedes Jahr organisieren wir eine lebendige und wirkungsvolle Sozialkampagne, die von der Europ\u00e4ischen Jugendstiftung (EYF) mitfinanziert wird, um etwas zu bewirken. Die EYF ist ein renommierter Fonds, der 1972 vom Europarat gegr\u00fcndet wurde, um finanzielle und p\u00e4dagogische Unterst\u00fctzung f\u00fcr europ\u00e4ische Jugendaktivit\u00e4ten zu leisten. Diese Partnerschaft erm\u00f6glicht es uns, die Energie und Kreativit\u00e4t von Jugendorganisationen aus ganz Europa zu b\u00fcndeln, um dringende gesellschaftliche Probleme anzugehen und einen positiven Wandel zu f\u00f6rdern. Was ist die Europ\u00e4ische Jugendstiftung (EYF)? Die Europ\u00e4ische Jugendstiftung, die unter dem Dach der Generaldirektion f\u00fcr Demokratie und Menschenw\u00fcrde des Europarates angesiedelt ist, spielt eine entscheidende Rolle bei der Unterst\u00fctzung von Jugendaktivit\u00e4ten. Es ist ein Fonds mit einer langen Geschichte, der die Jugend dazu bef\u00e4higt, Ver\u00e4nderungen voranzutreiben. Die Aufgabe des EYF besteht darin, eine aktive und verantwortungsbewusste B\u00fcrgerschaft unter jungen Menschen zu f\u00f6rdern und zu erhalten, ihre Beteiligung an der Gestaltung ihrer Gesellschaft zu unterst\u00fctzen und die Jugendarbeit zu entwickeln. Wer kann sich bei der Europ\u00e4ischen Jugendstiftung (EYF) bewerben? Die EYF steht Jugend-Nichtregierungsorganisationen (NGOs) aus den 46 Mitgliedsstaaten des Europarates offen. Die j\u00e4hrliche Sozialkampagne von MV International: Making a Difference Unsere j\u00e4hrlichen Sozialkampagnen sind Ausdruck unseres Engagements f\u00fcr eine bessere Zukunft f\u00fcr junge Menschen und die Gesellschaft als Ganzes. Wir arbeiten mit nichtstaatlichen Jugendorganisationen zusammen und nutzen ihre vielf\u00e4ltigen Talente, Ideen und Leidenschaften, um sinnvolle Initiativen zu schaffen, die sich mit kritischen Themen befassen, die unsere Gemeinden betreffen. Die Unterst\u00fctzung durch die Europ\u00e4ische Jugendstiftung erm\u00f6glicht es uns, unsere Reichweite und Wirkung zu vergr\u00f6\u00dfern und so einen gr\u00f6\u00dferen und dauerhaften Effekt zu erzielen. Bleiben Sie auf dem Laufenden und engagieren Sie sich Wenn Sie \u00fcber die j\u00e4hrliche Sozialkampagne von MV International auf dem Laufenden bleiben und gemeinsam mit uns etwas bewirken m\u00f6chten, sollten Sie unsere Website und unsere Social-Media-Kan\u00e4le verfolgen. Wir sind davon \u00fcberzeugt, dass positive Ver\u00e4nderungen mit den kollektiven Bem\u00fchungen von engagierten Einzelpersonen und Organisationen beginnen, die sich f\u00fcr eine bessere Zukunft einsetzen. Gemeinsam k\u00f6nnen wir eine bessere Welt f\u00fcr junge Menschen und unsere Gemeinden schaffen.<\/p>","protected":false},"author":5,"featured_media":0,"parent":0,"menu_order":0,"comment_status":"closed","ping_status":"closed","template":"","meta":{"footnotes":""},"class_list":["post-15557","page","type-page","status-publish","hentry"],"_links":{"self":[{"href":"https:\/\/mvinternational.ngo\/de\/wp-json\/wp\/v2\/pages\/15557","targetHints":{"allow":["GET"]}}],"collection":[{"href":"https:\/\/mvinternational.ngo\/de\/wp-json\/wp\/v2\/pages"}],"about":[{"href":"https:\/\/mvinternational.ngo\/de\/wp-json\/wp\/v2\/types\/page"}],"author":[{"embeddable":true,"href":"https:\/\/mvinternational.ngo\/de\/wp-json\/wp\/v2\/users\/5"}],"replies":[{"embeddable":true,"href":"https:\/\/mvinternational.ngo\/de\/wp-json\/wp\/v2\/comments?post=15557"}],"version-history":[{"count":7,"href":"https:\/\/mvinternational.ngo\/de\/wp-json\/wp\/v2\/pages\/15557\/revisions"}],"predecessor-version":[{"id":15673,"href":"https:\/\/mvinternational.ngo\/de\/wp-json\/wp\/v2\/pages\/15557\/revisions\/15673"}],"wp:attachment":[{"href":"https:\/\/mvinternational.ngo\/de\/wp-json\/wp\/v2\/media?parent=15557"}],"curies":[{"name":"wp","href":"https:\/\/api.w.org\/{rel}","templated":true}]}}