{"id":12121,"date":"2020-10-06T09:33:19","date_gmt":"2020-10-06T09:33:19","guid":{"rendered":"http:\/\/www.mvinternational.ngo\/?page_id=12121"},"modified":"2020-10-15T20:27:58","modified_gmt":"2020-10-15T20:27:58","slug":"mvi-campaign-2017","status":"publish","type":"page","link":"https:\/\/mvinternational.ngo\/de\/mvi-campaign-2017\/","title":{"rendered":"MVI-Kampagne 2017"},"content":{"rendered":"<div data-elementor-type=\"wp-page\" data-elementor-id=\"12121\" class=\"elementor elementor-12121\">\n\t\t\t\t\t\t<section class=\"elementor-section elementor-top-section elementor-element elementor-element-3ebee65 elementor-section-boxed elementor-section-height-default elementor-section-height-default exad-glass-effect-no wpr-particle-no wpr-jarallax-no wpr-parallax-no wpr-sticky-section-no wpr-equal-height-no exad-sticky-section-no\" data-id=\"3ebee65\" data-element_type=\"section\" data-e-type=\"section\">\n\t\t\t\t\t\t<div class=\"elementor-container elementor-column-gap-default\">\n\t\t\t\t\t<div class=\"elementor-column elementor-col-100 elementor-top-column elementor-element elementor-element-897f94e column-style-top column-top exad-glass-effect-no exad-sticky-section-no\" data-id=\"897f94e\" data-element_type=\"column\" data-e-type=\"column\">\n\t\t\t<div class=\"elementor-widget-wrap elementor-element-populated\">\n\t\t\t\t\t\t<div class=\"elementor-element elementor-element-004435a exad-sticky-section-no exad-glass-effect-no elementor-widget elementor-widget-image\" data-id=\"004435a\" data-element_type=\"widget\" data-e-type=\"widget\" data-widget_type=\"image.default\">\n\t\t\t\t\t\t\t\t\t\t\t\t\t\t\t<img decoding=\"async\" src=\"https:\/\/mvinternational.ngo\/wp-content\/uploads\/2018\/03\/MVI-Campaign-Contributions-Ale-600x338.jpg\" title=\"MVI-Kampagnenbeitr\u00e4ge Ale\" alt=\"MVI Campaign Contributions Ale\" loading=\"lazy\" \/>\t\t\t\t\t\t\t\t\t\t\t\t\t\t\t<\/div>\n\t\t\t\t<div class=\"elementor-element elementor-element-58cd90f exad-sticky-section-no exad-glass-effect-no elementor-widget elementor-widget-text-editor\" data-id=\"58cd90f\" data-element_type=\"widget\" data-e-type=\"widget\" data-widget_type=\"text-editor.default\">\n\t\t\t\t\t\t\t\t\t<p>Cyber-Mobbing wurde vom MV International Network als eine der Hauptursachen f\u00fcr Hate Speech in allen europ\u00e4ischen L\u00e4ndern und auf breiterer globaler Ebene identifiziert, insbesondere im Umfeld der neuen Medien.<\/p><p>Cyber-Mobbing ist ein immer h\u00e4ufiger auftretendes Ph\u00e4nomen in den allt\u00e4glichen Interaktionen in den neuen Medien, dessen Intensivierung und Verbreitung in direktem Zusammenhang mit der Entwicklung eines allgemeinen Zugangs zu den Instrumenten der neuen Medien (insbesondere Social Media) sowie mit der dezentralen, ungefilterten und anonymen Kommunikation und der viralen Verbreitung von Inhalten steht, die durch die neuen Medienarchitekturen gew\u00e4hrleistet werden.<\/p><p>Cyber-Mobbing kann definiert werden als eine wiederholte verbale oder psychologische Bel\u00e4stigung, die in unterschiedlicher Intensit\u00e4t von einer Einzelperson oder einer Gruppe gegen\u00fcber anderen \u00fcber neue Medieninstrumente (soziale Medien und interaktive Internetdienste im Allgemeinen) ausge\u00fcbt wird. Es kann viele Formen annehmen: von Spott, Beleidigungen und Drohungen bis hin zu Diebstahl und Ver\u00f6ffentlichung privater Informationen.<\/p><p>Cyber-Mobbing und keine Hassrede: Was k\u00f6nnen Sie \u00e4ndern, um den Hass zu stoppen?<\/p><p>Mit der F\u00f6rderung der Kampagne \"CYBER-BULLYING und NO HATE SPEECH\" wollte ENGO MVI sein 5-j\u00e4hriges Bestehen (19. November 2012) feiern. Seit 5 Jahren tragen wir zur Entwicklung der Gesellschaft und ihrer Mitglieder durch verschiedene Methoden der Bildung bei.<\/p><p>Ziel dieser Kampagne war es, die Gesellschaft f\u00fcr das Thema Cybermobbing zu sensibilisieren und auf der Ebene der Zivilgesellschaft und der Institutionen gegen Hassreden (Hate Speech) vorzugehen, die eine Person oder eine Gruppe aufgrund von Merkmalen wie Geschlecht, ethnischer Herkunft, Religion, Rasse, Behinderung und sexueller Ausrichtung angreifen.<\/p>\t\t\t\t\t\t\t\t<\/div>\n\t\t\t\t<div class=\"elementor-element elementor-element-48d0304 exad-sticky-section-no exad-glass-effect-no elementor-widget elementor-widget-image\" data-id=\"48d0304\" data-element_type=\"widget\" data-e-type=\"widget\" data-widget_type=\"image.default\">\n\t\t\t\t\t\t\t\t\t\t\t\t\t\t\t<img decoding=\"async\" src=\"https:\/\/mvinternational.ngo\/wp-content\/uploads\/2020\/10\/20160702_195419-1024x768-1-600x450.jpg\" title=\"20160702_195419-1024\u00d7768\" alt=\"No Hate Speach\" loading=\"lazy\" \/>\t\t\t\t\t\t\t\t\t\t\t\t\t\t\t<\/div>\n\t\t\t\t<div class=\"elementor-element elementor-element-4c8c7dc exad-sticky-section-no exad-glass-effect-no elementor-widget elementor-widget-text-editor\" data-id=\"4c8c7dc\" data-element_type=\"widget\" data-e-type=\"widget\" data-widget_type=\"text-editor.default\">\n\t\t\t\t\t\t\t\t\t<p>Junge Menschen sind besonders anf\u00e4llig f\u00fcr Cybermobbing, sowohl als Opfer als auch als T\u00e4ter, da sie viel mit den neuen Medien kommunizieren und oft nicht \u00fcber angemessene Vorsichtsma\u00dfnahmen und ein Bewusstsein f\u00fcr die Folgen eines falschen Umgangs mit den neuen Medien verf\u00fcgen.<\/p><p>Die Sozialkampagne befasste sich mit dem Thema Cyber-Mobbing im Rahmen einer umfassenderen Anstrengung, die Gesellschaft f\u00fcr die Notwendigkeit zu sensibilisieren, Hate-Speech-Ph\u00e4nomene in all ihren Auspr\u00e4gungen zu bek\u00e4mpfen und die Werte und Prinzipien voranzutreiben, die von der No-Hate-Speech-Bewegung unter der Schirmherrschaft des Europarats angef\u00fchrt werden.<\/p><p>Hate Speech war immer die erste Waffe des Angriffs auf Neueinwanderer, auf Menschen aufgrund von Merkmalen wie ethnischer Herkunft, Religion, Rasse, Geschlecht, Behinderung oder sexueller Ausrichtung und hat das Potenzial, Schaden anzurichten.<\/p><p>So gut wie jeder kann zur Zielscheibe von Hassreden werden. Einige Menschen k\u00f6nnten aufgrund ihrer Zugeh\u00f6rigkeit zu einer bestimmten Rasse, Nationalit\u00e4t oder Religion zur Zielscheibe werden. Andere Menschen k\u00f6nnten zur Zielscheibe werden, weil sie in irgendeiner Weise behindert sind, oder wegen ihres Geschlechts, ihres Alters oder ihrer sexuellen Orientierung.<\/p>\t\t\t\t\t\t\t\t<\/div>\n\t\t\t\t<div class=\"elementor-element elementor-element-df15fbb exad-sticky-section-no exad-glass-effect-no elementor-widget elementor-widget-video\" data-id=\"df15fbb\" data-element_type=\"widget\" data-e-type=\"widget\" data-settings=\"{&quot;youtube_url&quot;:&quot;https:\\\/\\\/www.youtube.com\\\/watch?v=J59xUWTP8Hg&quot;,&quot;video_type&quot;:&quot;youtube&quot;,&quot;controls&quot;:&quot;yes&quot;}\" data-widget_type=\"video.default\">\n\t\t\t\t\t\t\t<div class=\"elementor-wrapper elementor-open-inline\">\n\t\t\t<div class=\"elementor-video\"><\/div>\t\t<\/div>\n\t\t\t\t\t\t<\/div>\n\t\t\t\t<div class=\"elementor-element elementor-element-f988672 exad-sticky-section-no exad-glass-effect-no elementor-widget elementor-widget-text-editor\" data-id=\"f988672\" data-element_type=\"widget\" data-e-type=\"widget\" data-widget_type=\"text-editor.default\">\n\t\t\t\t\t\t\t\t\t<p>Die teilnehmenden Organisationen wurden gebeten, ihre Informationen und Beitr\u00e4ge bei ENGO MVI einzureichen.  Die Teilnehmer der Kampagne mussten zwei Videos erstellen und Fotomaterial bereitstellen:\u00a0<\/p><p>Video 1: Vorstellung der NRO<\/p><p>Video 2: VIDEO 2 - CYBER-BULLYING (ca. 3 Minuten) - jeder Teilnehmer nahm ein Video auf, in dem er ein Problem des Cyber-Bullyings ausw\u00e4hlte, das in seinem lokalen Umfeld\/Gemeinschaft auftreten k\u00f6nnte, und versuchte, eine L\u00f6sung zu finden, die auch eine M\u00f6glichkeit zur F\u00f6rderung von Nichtdiskriminierung und Toleranz in der Gesellschaft sein k\u00f6nnte.<\/p><p>Foto: Die Teilnehmer erstellten ein Foto mit Bezug zur No Hate Speech-Bewegung. Die Fotografien wurden von MVI gesammelt und waren Teil der Kampagne.<\/p><p>Die Kampagne war ein durchschlagender Erfolg und die Beteiligung von NRO innerhalb und au\u00dferhalb der Europ\u00e4ischen Union war sehr gro\u00df. Alle Mitglieder des ENGO-MVI-Netzes schickten ihre Beitr\u00e4ge (Videos und Fotos) und mehrere externe Organisationen aus Europa, Afrika und Lateinamerika folgten ihrem Beispiel.<\/p><p>MV International arbeitet mit Leidenschaft auch in den sozialen Medien, vor allem auf FB, Instagram und Twitter,<\/p>\t\t\t\t\t\t\t\t<\/div>\n\t\t\t\t\t<\/div>\n\t\t<\/div>\n\t\t\t\t\t<\/div>\n\t\t<\/section>\n\t\t\t\t<\/div>","protected":false},"excerpt":{"rendered":"<p>Cyber-Mobbing wurde vom MV International Network als eines der Kernthemen von Hate Speech in allen europ\u00e4ischen L\u00e4ndern und auf breiterer globaler Ebene identifiziert, insbesondere im Umfeld der neuen Medien. Cyber-Mobbing ist ein immer h\u00e4ufiger auftretendes Ph\u00e4nomen in gew\u00f6hnlichen Interaktionen in den neuen Medien, dessen Intensivierung und Verbreitung in direktem Zusammenhang mit der Entwicklung eines allgemeinen Zugangs zu neuen Medieninstrumenten (insbesondere Social Media) sowie mit der dezentralisierten, ungefilterten und anonymen Kommunikation und der viralen Verbreitung von Inhalten steht, die durch neue Medienarchitekturen gew\u00e4hrleistet werden. Cyber-Mobbing kann als eine wiederholte verbale oder psychologische Bel\u00e4stigung definiert werden, die in unterschiedlicher Intensit\u00e4t von einer Einzelperson oder einer Gruppe gegen\u00fcber anderen durch neue Medieninstrumente (soziale Medien und interaktive Internetdienste im Allgemeinen) ausge\u00fcbt wird. Es kann viele Formen annehmen: von Spott, Beleidigungen und Drohungen bis hin zu Diebstahl und Ver\u00f6ffentlichung privater Informationen. Cyber-Mobbing und keine Hassrede: Was k\u00f6nnen Sie \u00e4ndern, um den Hass zu stoppen? Mit der F\u00f6rderung der Kampagne \"CYBER-BULLYING und NO HATE SPEECH\" wollte ENGO MVI sein 5-j\u00e4hriges Bestehen (19. November 2012) feiern. Seit 5 Jahren tragen wir zur Entwicklung der Gesellschaft und ihrer Mitglieder durch verschiedene Methoden der Bildung bei. Ziel dieser Kampagne war es, die Gesellschaft f\u00fcr das Thema Cybermobbing zu sensibilisieren und auf der Ebene der Zivilgesellschaft und der Institutionen auf die Notwendigkeit hinzuweisen, sich gegen Hate Speech (Hassreden) auszusprechen, d. h. gegen eine Person oder eine Gruppe, die aufgrund von Merkmalen wie Geschlecht, ethnischer Herkunft, Religion, Rasse, Behinderung oder sexueller Orientierung angegriffen wird. Junge Menschen sind besonders anf\u00e4llig f\u00fcr Cybermobbing-Ph\u00e4nomene, sowohl als Opfer als auch als T\u00e4ter, da sie viel mit den neuen Medien kommunizieren und oft nicht \u00fcber angemessene Vorsichtsma\u00dfnahmen und ein Bewusstsein f\u00fcr die Folgen eines falschen Umgangs mit den neuen Medien verf\u00fcgen. Die Sozialkampagne befasste sich mit dem Thema Cyber-Mobbing im Rahmen einer umfassenderen Anstrengung, die Gesellschaft f\u00fcr die Notwendigkeit zu sensibilisieren, Hate-Speech-Ph\u00e4nomene in all ihren Auspr\u00e4gungen zu bek\u00e4mpfen und die Werte und Prinzipien zu f\u00f6rdern, die von der No-Hate-Speech-Bewegung unter der Schirmherrschaft des Europarats angef\u00fchrt werden. Hate Speech war schon immer die erste Waffe des Angriffs auf Neueinwanderer, auf Menschen aufgrund von Merkmalen wie ethnischer Herkunft, Religion, Rasse, Geschlecht, Behinderung oder sexueller Orientierung und hat das Potenzial, Schaden anzurichten. So gut wie jeder kann zur Zielscheibe von Hassreden werden. Einige Menschen k\u00f6nnen aufgrund ihrer Zugeh\u00f6rigkeit zu einer bestimmten Rasse, Nationalit\u00e4t oder Religion zur Zielscheibe werden. Andere Menschen k\u00f6nnten zur Zielscheibe werden, weil sie in irgendeiner Weise behindert sind oder aufgrund ihres Geschlechts, ihres Alters oder ihrer sexuellen Orientierung. https:\/\/www.youtube.com\/watch?v=J59xUWTP8Hg Die teilnehmenden Organisationen wurden gebeten, ihre Informationen und Beitr\u00e4ge an ENGO MVI zu \u00fcbermitteln.  Die Teilnehmer der Kampagne mussten zwei Videos erstellen und Fotomaterial zur Verf\u00fcgung stellen: Video 1: Pr\u00e4sentation der NRO Video 2: VIDEO 2 - CYBER-BULLYING (ca. 3 Minuten) - jeder Teilnehmer nahm ein Video auf, in dem er ein Problem des Cyber-Bullyings ausw\u00e4hlte, das in seinem lokalen Umfeld\/Gemeinschaft vorkommen k\u00f6nnte, und versuchte, eine L\u00f6sung zu finden, die auch eine Gelegenheit zur F\u00f6rderung von Nichtdiskriminierung und Toleranz in der Gesellschaft sein k\u00f6nnte. Foto: Die TeilnehmerInnen erstellten ein Foto mit Bezug zur No Hate Speech Bewegung. Die Fotografien wurden von MVI gesammelt und waren Teil der Kampagne. Die Kampagne war ein durchschlagender Erfolg und die Beteiligung von NROs innerhalb und au\u00dferhalb der Europ\u00e4ischen Union war gro\u00df. Alle Mitglieder des ENGO-MVI-Netzwerks schickten ihre Beitr\u00e4ge (Videos und Fotos), und mehrere externe Organisationen aus Europa, Afrika und Lateinamerika folgten ihrem Beispiel. MV International arbeitete mit Leidenschaft auch in den sozialen Medien, vor allem auf FB, Instagram und Twitter,<\/p>","protected":false},"author":5,"featured_media":0,"parent":0,"menu_order":0,"comment_status":"closed","ping_status":"closed","template":"","meta":{"footnotes":""},"class_list":["post-12121","page","type-page","status-publish","hentry"],"_links":{"self":[{"href":"https:\/\/mvinternational.ngo\/de\/wp-json\/wp\/v2\/pages\/12121","targetHints":{"allow":["GET"]}}],"collection":[{"href":"https:\/\/mvinternational.ngo\/de\/wp-json\/wp\/v2\/pages"}],"about":[{"href":"https:\/\/mvinternational.ngo\/de\/wp-json\/wp\/v2\/types\/page"}],"author":[{"embeddable":true,"href":"https:\/\/mvinternational.ngo\/de\/wp-json\/wp\/v2\/users\/5"}],"replies":[{"embeddable":true,"href":"https:\/\/mvinternational.ngo\/de\/wp-json\/wp\/v2\/comments?post=12121"}],"version-history":[{"count":5,"href":"https:\/\/mvinternational.ngo\/de\/wp-json\/wp\/v2\/pages\/12121\/revisions"}],"predecessor-version":[{"id":12920,"href":"https:\/\/mvinternational.ngo\/de\/wp-json\/wp\/v2\/pages\/12121\/revisions\/12920"}],"wp:attachment":[{"href":"https:\/\/mvinternational.ngo\/de\/wp-json\/wp\/v2\/media?parent=12121"}],"curies":[{"name":"wp","href":"https:\/\/api.w.org\/{rel}","templated":true}]}}