{"id":12106,"date":"2020-10-06T09:13:42","date_gmt":"2020-10-06T09:13:42","guid":{"rendered":"http:\/\/www.mvinternational.ngo\/?page_id=12106"},"modified":"2023-11-21T10:18:22","modified_gmt":"2023-11-21T10:18:22","slug":"mvi-campaign-2019","status":"publish","type":"page","link":"https:\/\/mvinternational.ngo\/de\/mvi-campaign-2019\/","title":{"rendered":"MVI-Kampagne 2019"},"content":{"rendered":"<div data-elementor-type=\"wp-page\" data-elementor-id=\"12106\" class=\"elementor elementor-12106\">\n\t\t\t\t\t\t<section class=\"elementor-section elementor-top-section elementor-element elementor-element-151b67ce elementor-section-boxed elementor-section-height-default elementor-section-height-default exad-glass-effect-no wpr-particle-no wpr-jarallax-no wpr-parallax-no wpr-sticky-section-no wpr-equal-height-no exad-sticky-section-no\" data-id=\"151b67ce\" data-element_type=\"section\" data-e-type=\"section\">\n\t\t\t\t\t\t<div class=\"elementor-container elementor-column-gap-default\">\n\t\t\t\t\t<div class=\"elementor-column elementor-col-100 elementor-top-column elementor-element elementor-element-1f5a6956 column-style-top column-top exad-glass-effect-no exad-sticky-section-no\" data-id=\"1f5a6956\" data-element_type=\"column\" data-e-type=\"column\">\n\t\t\t<div class=\"elementor-widget-wrap elementor-element-populated\">\n\t\t\t\t\t\t<div class=\"elementor-element elementor-element-e64f83f exad-sticky-section-no exad-glass-effect-no elementor-widget elementor-widget-image\" data-id=\"e64f83f\" data-element_type=\"widget\" data-e-type=\"widget\" data-widget_type=\"image.default\">\n\t\t\t\t\t\t\t\t\t\t\t\t\t\t\t<img decoding=\"async\" src=\"https:\/\/mvinternational.ngo\/wp-content\/uploads\/2020\/10\/Collage-Final-Post-1-1024x968-1-600x567.png\" title=\"Collage-Final-Post-1-1024\u00d7968\" alt=\"Collage-Final-Post-1-1024x968\" loading=\"lazy\" \/>\t\t\t\t\t\t\t\t\t\t\t\t\t\t\t<\/div>\n\t\t\t\t<div class=\"elementor-element elementor-element-9fbc19c exad-sticky-section-no exad-glass-effect-no elementor-widget elementor-widget-text-editor\" data-id=\"9fbc19c\" data-element_type=\"widget\" data-e-type=\"widget\" data-widget_type=\"text-editor.default\">\n\t\t\t\t\t\t\t\t\t<h3>Umweltziele der Nachhaltigkeit: Was k\u00f6nnen Sie tun, um unsere Umwelt zu sch\u00fctzen?<\/h3>\n<p>MV International hat die Sozialkampagne \"Umweltziele der Nachhaltigkeit\" ins Leben gerufen, die darauf abzielt, das Bewusstsein f\u00fcr \u00f6kologische Nachhaltigkeit in Bezug auf alle Aspekte unseres Lebens zu sch\u00e4rfen - von der Schaffung von \u00d6ko-H\u00e4usern und umweltbewussten Gemeinden bis hin zur Beschaffung nachhaltiger Lebensmittel, erneuerbarer Energien, umweltfreundlicher M\u00f6bel und Kleidung.<\/p>\n<p>#EnvironmentalGoalsofSustainability #Environment #Sustainability #MVICampaign2019 #MVInternational #MVI #TheNetworkOfMineVagantiNGO #37NGOs #37Europ\u00e4ischeL\u00e4nder #8AssoziierteMitglieder #4Kontinente #Aktivist #Einfluss #HardWorkPaysOff #FollowUs @MineVagantiNGO<\/p>\t\t\t\t\t\t\t\t<\/div>\n\t\t\t\t<div class=\"elementor-element elementor-element-3a15e07 exad-sticky-section-no exad-glass-effect-no elementor-widget elementor-widget-image\" data-id=\"3a15e07\" data-element_type=\"widget\" data-e-type=\"widget\" data-widget_type=\"image.default\">\n\t\t\t\t\t\t\t\t\t\t\t\t\t\t\t<img decoding=\"async\" src=\"https:\/\/mvinternational.ngo\/wp-content\/uploads\/2020\/10\/MVI-Social-Campaign-2019-_Poster-1-724x1024-1-600x849.png\" title=\"MVI-Social-Campaign-2019-_Poster-1-724\u00d71024\" alt=\"MVI-Social-Campaign-2019-_Poster-1-724x1024\" loading=\"lazy\" \/>\t\t\t\t\t\t\t\t\t\t\t\t\t\t\t<\/div>\n\t\t\t\t<div class=\"elementor-element elementor-element-ee243fd exad-sticky-section-no exad-glass-effect-no elementor-widget elementor-widget-image\" data-id=\"ee243fd\" data-element_type=\"widget\" data-e-type=\"widget\" data-widget_type=\"image.default\">\n\t\t\t\t\t\t\t\t\t\t\t\t\t\t\t<img decoding=\"async\" src=\"https:\/\/mvinternational.ngo\/wp-content\/uploads\/2020\/10\/MVI-Social-Campaign-2019-_Poster-2-724x1024-1-600x849.png\" title=\"MVI-Social-Campaign-2019-_Poster-2-724\u00d71024\" alt=\"MVI-Social-Campaign-2019-_Poster-2-724x1024\" loading=\"lazy\" \/>\t\t\t\t\t\t\t\t\t\t\t\t\t\t\t<\/div>\n\t\t\t\t<div class=\"elementor-element elementor-element-9560c2c exad-sticky-section-no exad-glass-effect-no elementor-widget elementor-widget-text-editor\" data-id=\"9560c2c\" data-element_type=\"widget\" data-e-type=\"widget\" data-widget_type=\"text-editor.default\">\n\t\t\t\t\t\t\t\t\t<h3>\"Fortschritt ist ohne Ver\u00e4nderung unm\u00f6glich, und wer seine Meinung nicht \u00e4ndern kann, kann auch nichts \u00e4ndern.<br \/>-George Bernard Shaw<\/h3>\t\t\t\t\t\t\t\t<\/div>\n\t\t\t\t\t<\/div>\n\t\t<\/div>\n\t\t\t\t\t<\/div>\n\t\t<\/section>\n\t\t\t\t<\/div>","protected":false},"excerpt":{"rendered":"<p>Umweltziele der Nachhaltigkeit: Was k\u00f6nnen Sie tun, um unsere Umwelt zu retten? MV International hat die Sozialkampagne \"Umweltziele der Nachhaltigkeit\" ins Leben gerufen, die darauf abzielt, das Bewusstsein f\u00fcr \u00f6kologische Nachhaltigkeit in Bezug auf alle Aspekte unseres Lebens zu sch\u00e4rfen - von der Schaffung von \u00d6ko-H\u00e4usern und umweltbewussten Gemeinden bis hin zur Beschaffung nachhaltiger Lebensmittel, erneuerbarer Energien, umweltfreundlicher M\u00f6bel und Kleidung. #EnvironmentalGoalsofSustainability #Environment #Sustainability #MVICampaign2019 #MVInternational #MVI #TheNetworkOfMineVagantiNGO #37NGOs #37Europ\u00e4ischeL\u00e4nder #8AssoziierteMitglieder #4Kontinente #Aktivist #Influence #HardWorkPaysOff #FollowUs @MineVagantiNGO \"Fortschritt ist ohne Ver\u00e4nderung unm\u00f6glich, und wer seine Meinung nicht \u00e4ndern kann, kann auch nichts \u00e4ndern.\" -George Bernard Shaw<\/p>","protected":false},"author":5,"featured_media":0,"parent":0,"menu_order":0,"comment_status":"closed","ping_status":"closed","template":"","meta":{"footnotes":""},"class_list":["post-12106","page","type-page","status-publish","hentry"],"_links":{"self":[{"href":"https:\/\/mvinternational.ngo\/de\/wp-json\/wp\/v2\/pages\/12106","targetHints":{"allow":["GET"]}}],"collection":[{"href":"https:\/\/mvinternational.ngo\/de\/wp-json\/wp\/v2\/pages"}],"about":[{"href":"https:\/\/mvinternational.ngo\/de\/wp-json\/wp\/v2\/types\/page"}],"author":[{"embeddable":true,"href":"https:\/\/mvinternational.ngo\/de\/wp-json\/wp\/v2\/users\/5"}],"replies":[{"embeddable":true,"href":"https:\/\/mvinternational.ngo\/de\/wp-json\/wp\/v2\/comments?post=12106"}],"version-history":[{"count":3,"href":"https:\/\/mvinternational.ngo\/de\/wp-json\/wp\/v2\/pages\/12106\/revisions"}],"predecessor-version":[{"id":12930,"href":"https:\/\/mvinternational.ngo\/de\/wp-json\/wp\/v2\/pages\/12106\/revisions\/12930"}],"wp:attachment":[{"href":"https:\/\/mvinternational.ngo\/de\/wp-json\/wp\/v2\/media?parent=12106"}],"curies":[{"name":"wp","href":"https:\/\/api.w.org\/{rel}","templated":true}]}}