{"id":15557,"date":"2023-11-03T00:59:01","date_gmt":"2023-11-03T00:59:01","guid":{"rendered":"https:\/\/mvinternational.ngo\/?page_id=15557"},"modified":"2023-11-03T01:00:47","modified_gmt":"2023-11-03T01:00:47","slug":"mv-internationals-social-campaigns","status":"publish","type":"page","link":"http:\/\/mvinternational.ngo\/it\/mv-internationals-social-campaigns\/","title":{"rendered":"Le Campagne sociali di MV International"},"content":{"rendered":"<h1>\n<p>Le Campagne sociali di MV International <o:p><\/o:p><\/p>\n<\/h1>\n<p><\/p>\n\n\n<\/p>\n<p>Noi di MV International ci impegniamo ad avere un impatto positivo sulla vita dei giovani e delle comunit\u00e0. Ogni anno organizziamo una campagna sociale vivace e di grande impatto, cofinanziata dalla Fondazione europea per la giovent\u00f9 (EYF).<\/p>\n<p>\n\n\n<p><\/p>\n<p><\/p>\n\n\n<\/p>\n<p>L'EYF \u00e8 un rinomato fondo istituito nel 1972 dal Consiglio d'Europa per fornire sostegno finanziario ed educativo alle attivit\u00e0 giovanili europee. Questa partnership ci permette di riunire l'energia e la creativit\u00e0 delle organizzazioni giovanili di tutta Europa per affrontare questioni sociali urgenti e promuovere un cambiamento positivo.<\/p>\n<p>\n\n\n<p><\/p>\n<p><\/p>\n\n\n<\/p>\n<p><strong>Che cos'\u00e8 l'European Youth Foundation (EYF)?<\/strong><\/p>\n<p>\n\n\n<p><\/p>\n<p><\/p>\n\n\n<\/p>\n<p>La European Youth Foundation, sotto l'egida della Direzione della Partecipazione Democratica del Consiglio d'Europa, Direzione Generale della Democrazia e della Dignit\u00e0 Umana, svolge un ruolo cruciale nel supportare le attivit\u00e0 giovanili. Si tratta di un fondo con una ricca storia di empowerment dei giovani per promuovere il cambiamento. La missione dell'EYF \u00e8 di promuovere e sostenere una cittadinanza attiva e responsabile tra i giovani, incoraggiare la loro partecipazione nella costruzione delle loro societ\u00e0 e sviluppare il lavoro giovanile.<\/p>\n<p>\n\n\n<p><\/p>\n<p><\/p>\n\n\n<\/p>\n<p><strong>Chi pu\u00f2 candidarsi all'European Youth Foundation (EYF)?<\/strong><\/p>\n<p>\n\n\n<p><\/p>\n<p><\/p>\n\n\n<\/p>\n<p>L'EYF \u00e8 aperto alle organizzazioni non governative (ONG) giovanili dei 46 Stati membri del Consiglio d'Europa.<\/p>\n<p>\n\n\n<p><\/p>\n<p><\/p>\n\n\n<\/p>\n<p><strong>La Campagna sociale annuale di MV International: Fare la differenza<\/strong><\/p>\n<p>\n\n\n<p><\/p>\n<p><\/p>\n\n\n<\/p>\n<p>Le nostre campagne sociali annuali sono una manifestazione del nostro impegno a costruire un futuro migliore per i giovani e per la societ\u00e0 nel suo complesso. Lavoriamo in collaborazione con le ONG giovanili, sfruttando i loro diversi talenti, le loro idee e le loro passioni per creare iniziative significative che affrontino i problemi critici delle nostre comunit\u00e0. Il sostegno della Fondazione europea per i giovani ci permette di ampliare la nostra portata e il nostro impatto, creando un effetto pi\u00f9 significativo e duraturo.<\/p>\n<p>\n\n\n<p><\/p>\n<p><\/p>\n\n\n<\/p>\n<p>Rimanete aggiornati e partecipate!<\/p>\n<p>\n\n\n<p><\/p>\n<p><\/p>\n\n\n<\/p>\n<p>Se volete rimanere aggiornati sulla campagna sociale annuale di MV International e unirvi a noi per fare la differenza, assicuratevi di seguire il nostro sito web e i nostri canali di social! Crediamo che i cambiamenti positivi inizino con gli sforzi collettivi di persone e organizzazioni appassionate che si dedicano a un futuro pi\u00f9 luminoso.<\/p>\n<p>\n\n\n<p><\/p>\n<p><\/p>\n\n\n<\/p>\n<p>Insieme, possiamo creare un mondo migliore per i giovani e le nostre comunit\u00e0.<\/p>\n<p>\n\n\n<p><\/p>\n<p>\t\t\t\t\t\t\t\t\t\t\t\t\t\t\t<img loading=\"lazy\" decoding=\"async\" width=\"900\" height=\"900\" src=\"https:\/\/mvinternational.ngo\/wp-content\/uploads\/2023\/11\/322896498_535267168545668_4451684806135165157_n-1024x1024-1.png\" alt=\"\"><br>\n\t\t\t\t\t\t\t\t\t\t\t\t\t\t\t<img loading=\"lazy\" decoding=\"async\" width=\"600\" height=\"567\" src=\"https:\/\/mvinternational.ngo\/wp-content\/uploads\/2023\/11\/Collage-Final-Post-1-1024x968-1-600x567-1.png\" alt=\"\"><br>\n\t\t\t\t\t\t\t\t\t\t\t\t\t\t\t<img loading=\"lazy\" decoding=\"async\" width=\"900\" height=\"754\" src=\"https:\/\/mvinternational.ngo\/wp-content\/uploads\/2023\/11\/mvi-sc19.png\" alt=\"\"><\/p>","protected":false},"excerpt":{"rendered":"<p>Campagne sociali di MV International Noi di MV International ci impegniamo ad avere un impatto positivo sulla vita dei giovani e delle comunit\u00e0. Ogni anno organizziamo una campagna sociale vivace e di grande impatto, cofinanziata dalla Fondazione europea per la giovent\u00f9 (FEG). L'EYF \u00e8 un rinomato fondo istituito nel 1972 dal Consiglio d'Europa per fornire sostegno finanziario ed educativo alle attivit\u00e0 giovanili europee. Questa partnership ci permette di riunire l'energia e la creativit\u00e0 delle organizzazioni giovanili di tutta Europa per affrontare questioni sociali urgenti e promuovere un cambiamento positivo. Cos'\u00e8 la Fondazione europea per la giovent\u00f9 (FEG)? La Fondazione europea per la giovent\u00f9, sotto l'egida della Direzione della partecipazione democratica del Consiglio d'Europa, Direzione generale della democrazia e della dignit\u00e0 umana, svolge un ruolo cruciale nel sostenere le attivit\u00e0 giovanili. Si tratta di un fondo che vanta una ricca storia di capacit\u00e0 dei giovani di guidare il cambiamento. La missione della Fondazione europea per la giovent\u00f9 \u00e8 promuovere e sostenere una cittadinanza attiva e responsabile tra i giovani, incoraggiare la loro partecipazione alla formazione delle loro societ\u00e0 e sviluppare il lavoro giovanile. Chi pu\u00f2 candidarsi alla Fondazione europea per la giovent\u00f9 (FEG)? L'EYF \u00e8 aperta alle organizzazioni non governative (ONG) giovanili dei 46 Stati membri del Consiglio d'Europa. Campagna sociale annuale di MV International: Fare la differenza Le nostre campagne sociali annuali sono una manifestazione del nostro impegno a costruire un futuro migliore per i giovani e per la societ\u00e0 nel suo complesso. Lavoriamo in collaborazione con le ONG giovanili, sfruttando i loro diversi talenti, le loro idee e le loro passioni per creare iniziative significative che affrontino i problemi critici delle nostre comunit\u00e0. Il sostegno della Fondazione europea per i giovani ci permette di ampliare la nostra portata e il nostro impatto, creando un effetto pi\u00f9 significativo e duraturo. Rimanete aggiornati e partecipate Se volete rimanere aggiornati sulla campagna sociale annuale di MV International e unirvi a noi per fare la differenza, assicuratevi di seguire il nostro sito web e i nostri canali di social media. Crediamo che i cambiamenti positivi inizino con gli sforzi collettivi di persone e organizzazioni appassionate che si dedicano a un futuro pi\u00f9 luminoso. Insieme, possiamo creare un mondo migliore per i giovani e per le nostre comunit\u00e0.<\/p>","protected":false},"author":5,"featured_media":0,"parent":0,"menu_order":0,"comment_status":"closed","ping_status":"closed","template":"","meta":{"footnotes":""},"class_list":["post-15557","page","type-page","status-publish","hentry"],"_links":{"self":[{"href":"http:\/\/mvinternational.ngo\/it\/wp-json\/wp\/v2\/pages\/15557","targetHints":{"allow":["GET"]}}],"collection":[{"href":"http:\/\/mvinternational.ngo\/it\/wp-json\/wp\/v2\/pages"}],"about":[{"href":"http:\/\/mvinternational.ngo\/it\/wp-json\/wp\/v2\/types\/page"}],"author":[{"embeddable":true,"href":"http:\/\/mvinternational.ngo\/it\/wp-json\/wp\/v2\/users\/5"}],"replies":[{"embeddable":true,"href":"http:\/\/mvinternational.ngo\/it\/wp-json\/wp\/v2\/comments?post=15557"}],"version-history":[{"count":7,"href":"http:\/\/mvinternational.ngo\/it\/wp-json\/wp\/v2\/pages\/15557\/revisions"}],"predecessor-version":[{"id":15673,"href":"http:\/\/mvinternational.ngo\/it\/wp-json\/wp\/v2\/pages\/15557\/revisions\/15673"}],"wp:attachment":[{"href":"http:\/\/mvinternational.ngo\/it\/wp-json\/wp\/v2\/media?parent=15557"}],"curies":[{"name":"wp","href":"https:\/\/api.w.org\/{rel}","templated":true}]}}