{"id":14121,"date":"2022-05-28T15:56:41","date_gmt":"2022-05-28T15:56:41","guid":{"rendered":"https:\/\/mvinternational.ngo\/?page_id=14121"},"modified":"2024-05-31T22:49:42","modified_gmt":"2024-05-31T22:49:42","slug":"sport-ets","status":"publish","type":"page","link":"http:\/\/mvinternational.ngo\/de\/sport-ets\/","title":{"rendered":"Sport &amp; ETS"},"content":{"rendered":"<div data-elementor-type=\"wp-page\" data-elementor-id=\"14121\" class=\"elementor elementor-14121\">\n\t\t\t\t\t\t<section class=\"elementor-section elementor-top-section elementor-element elementor-element-1afb0f0 elementor-section-boxed elementor-section-height-default elementor-section-height-default exad-glass-effect-no wpr-particle-no wpr-jarallax-no wpr-parallax-no wpr-sticky-section-no wpr-equal-height-no exad-sticky-section-no\" data-id=\"1afb0f0\" data-element_type=\"section\" data-e-type=\"section\">\n\t\t\t\t\t\t<div class=\"elementor-container elementor-column-gap-default\">\n\t\t\t\t\t<div class=\"elementor-column elementor-col-100 elementor-top-column elementor-element elementor-element-9b47ea7 column-style-top column-top exad-glass-effect-no exad-sticky-section-no\" data-id=\"9b47ea7\" data-element_type=\"column\" data-e-type=\"column\">\n\t\t\t<div class=\"elementor-widget-wrap elementor-element-populated\">\n\t\t\t\t\t\t<section class=\"elementor-section elementor-inner-section elementor-element elementor-element-0eec326 elementor-section-boxed elementor-section-height-default elementor-section-height-default exad-glass-effect-no wpr-particle-no wpr-jarallax-no wpr-parallax-no wpr-sticky-section-no wpr-equal-height-no exad-sticky-section-no\" data-id=\"0eec326\" data-element_type=\"section\" data-e-type=\"section\">\n\t\t\t\t\t\t<div class=\"elementor-container elementor-column-gap-default\">\n\t\t\t\t\t<div class=\"elementor-column elementor-col-100 elementor-inner-column elementor-element elementor-element-72c6510 column-style-top column-top exad-glass-effect-no exad-sticky-section-no\" data-id=\"72c6510\" data-element_type=\"column\" data-e-type=\"column\">\n\t\t\t<div class=\"elementor-widget-wrap elementor-element-populated\">\n\t\t\t\t\t\t<div class=\"elementor-element elementor-element-1dc49e4 exad-sticky-section-no exad-glass-effect-no elementor-widget elementor-widget-heading\" data-id=\"1dc49e4\" data-element_type=\"widget\" data-e-type=\"widget\" data-widget_type=\"heading.default\">\n\t\t\t\t\t<h2 class=\"elementor-heading-title elementor-size-default\">Sport &amp; ETS<\/h2>\t\t\t\t<\/div>\n\t\t\t\t<div class=\"elementor-element elementor-element-7f4872d exad-sticky-section-no exad-glass-effect-no elementor-widget elementor-widget-text-editor\" data-id=\"7f4872d\" data-element_type=\"widget\" data-e-type=\"widget\" data-widget_type=\"text-editor.default\">\n\t\t\t\t\t\t\t\t\t<p>MVI f\u00fchrt j\u00e4hrlich soziale Kampagnen durch, um das Bewusstsein f\u00fcr seine konstitutiven Priorit\u00e4ten zu sch\u00e4rfen, mit besonderem Schwerpunkt auf der Bek\u00e4mpfung von Diskriminierung und Hate Speech, vor allem durch den Sport. Im Hinblick auf Aktivit\u00e4ten im Sportbereich ist das Netzwerk bestrebt, die Beziehung zwischen den Werten\/Praktiken des Sports und der F\u00f6rderung von \"No Hate Speech\"-Werten zu untersuchen.<\/p><p>Die wichtigsten Mitglieder von MV International verf\u00fcgen zudem \u00fcber eine international anerkannte Expertise in der Nutzung von Sport als Mittel zur Bildung und sozialen Eingliederung, insbesondere von benachteiligten Gruppen junger Menschen.<\/p><p>Das Gr\u00fcndungsmitglied und f\u00fchrende Mitglied der MVI, Mine Vaganti NGO, kann auf eine professionelle Abteilung \"MVNGO Sport Branch\" z\u00e4hlen, die eine f\u00fchrende Rolle bei der Durchf\u00fchrung von europ\u00e4ischen und internationalen Projekten in den Bereichen Sportforschung, Training und Bildung gespielt hat.<\/p><p>Mehrere Mitgliedsorganisationen haben Erfahrung mit dem Einsatz von Sport als Mittel zur Bildung und sozialen Eingliederung auf den verschiedenen Ebenen (von der lokalen bis zur europ\u00e4ischen und internationalen Ebene).<\/p><p>Eine wichtige Errungenschaft, die die Sportabteilung der MVI-Gr\u00fcnderin Mine Vaganti NGO (MVNGO) in den oben genannten Bereichen erzielt hat, war das Erasmus+ Capacity Building Youth \"Inclusion Through Sport\" (ITS), das von MVNGO \u00fcber zwei Jahre (2016-2017) koordiniert wurde und an dem 12 Organisationen aus 12 L\u00e4ndern auf vier Kontinenten beteiligt waren.<\/p><p>MVI ist als Koordinator oder Partner an insgesamt mehr als 25 Kooperationspartnerschaftsprojekten im Sportbereich beteiligt.<\/p><p>MVI hat eine beachtliche Erfahrung im Bereich der Erasmus+ Projekte auf h\u00f6chstem Niveau entwickelt, in Zusammenarbeit mit einem umfangreichen und st\u00e4ndig wachsenden Netzwerk seiner Mitglieder und anderer internationaler Partner. Das Netzwerk war Koordinator oder Partner in verschiedenen Erasmus+ KA1- und KA2-Projekten in den Bereichen Jugend, Berufsbildung, Schule und Sport (siehe unten) und ist erfahren in der Durchf\u00fchrung transnationaler sozialer Kampagnen, die jedes Jahr im November stattfinden und auf die F\u00f6rderung der konstitutiven Werte des Netzwerks abzielen.<\/p>\t\t\t\t\t\t\t\t<\/div>\n\t\t\t\t\t<\/div>\n\t\t<\/div>\n\t\t\t\t\t<\/div>\n\t\t<\/section>\n\t\t\t\t\t<\/div>\n\t\t<\/div>\n\t\t\t\t\t<\/div>\n\t\t<\/section>\n\t\t\t\t<\/div>","protected":false},"excerpt":{"rendered":"<p>Sport &amp; ETS MVI f\u00fchrt j\u00e4hrlich soziale Kampagnen durch, um das Bewusstsein f\u00fcr seine konstitutiven Priorit\u00e4ten zu sch\u00e4rfen, mit besonderem Schwerpunkt auf der Bek\u00e4mpfung von Ph\u00e4nomenen der Diskriminierung und Hassrede, insbesondere durch den Sport. Im Hinblick auf Aktivit\u00e4ten im Sportbereich ist das Netzwerk bestrebt, die Beziehung zwischen den Werten\/Praktiken des Sports und der F\u00f6rderung der Werte von No Hate Speech zu untersuchen. Die wichtigsten Mitglieder von MV International verf\u00fcgen zudem \u00fcber eine international anerkannte Expertise in der Nutzung von Sport als Mittel zur Bildung und sozialen Eingliederung, insbesondere von benachteiligten Gruppen junger Menschen. Das Gr\u00fcndungsmitglied und f\u00fchrende Mitglied von MVI, Mine Vaganti NGO, kann auf eine professionelle Abteilung \"MVNGO Sport Branch\" z\u00e4hlen, die eine f\u00fchrende Rolle bei der Durchf\u00fchrung von europ\u00e4ischen und internationalen Projekten in den Bereichen Sportforschung, Training und Bildung gespielt hat. Mehrere Mitgliedsorganisationen haben Erfahrung mit dem Einsatz von Sport als Mittel zur Bildung und sozialen Eingliederung auf verschiedenen Ebenen (von der lokalen bis zur europ\u00e4ischen und internationalen Ebene). Eine wichtige Errungenschaft des MVI-Gr\u00fcnders Mine Vaganti NGO (MVNGO) Sport Branch in den oben genannten Bereichen war das Erasmus+ Capacity Building Youth \"Inclusion Through Sport\" (ITS), das von MVNGO \u00fcber zwei Jahre (2016-2017) koordiniert wurde und an dem 12 Organisationen aus 12 L\u00e4ndern auf vier Kontinenten beteiligt waren. MVI ist als Koordinator oder Partner an insgesamt mehr als 25 Kooperationspartnerschaftsprojekten im Sportbereich beteiligt. MVI hat eine beachtliche Erfahrung im Bereich der Erasmus+ Projekte auf h\u00f6chstem Niveau entwickelt, in Zusammenarbeit mit einem umfangreichen und st\u00e4ndig wachsenden Netzwerk seiner Mitglieder und anderer internationaler Partner. Das Netzwerk war Koordinator oder Partner in verschiedenen Erasmus+ KA1 und KA2 Jugend-, Berufsbildungs-, Schul- und Sportprojekten (siehe unten) und hat Erfahrung in der Durchf\u00fchrung transnationaler sozialer Kampagnen, die jedes Jahr im November stattfinden und darauf abzielen, seine konstitutiven Werte zu f\u00f6rdern.<\/p>","protected":false},"author":5,"featured_media":0,"parent":0,"menu_order":0,"comment_status":"closed","ping_status":"closed","template":"","meta":{"footnotes":""},"class_list":["post-14121","page","type-page","status-publish","hentry"],"_links":{"self":[{"href":"http:\/\/mvinternational.ngo\/de\/wp-json\/wp\/v2\/pages\/14121","targetHints":{"allow":["GET"]}}],"collection":[{"href":"http:\/\/mvinternational.ngo\/de\/wp-json\/wp\/v2\/pages"}],"about":[{"href":"http:\/\/mvinternational.ngo\/de\/wp-json\/wp\/v2\/types\/page"}],"author":[{"embeddable":true,"href":"http:\/\/mvinternational.ngo\/de\/wp-json\/wp\/v2\/users\/5"}],"replies":[{"embeddable":true,"href":"http:\/\/mvinternational.ngo\/de\/wp-json\/wp\/v2\/comments?post=14121"}],"version-history":[{"count":13,"href":"http:\/\/mvinternational.ngo\/de\/wp-json\/wp\/v2\/pages\/14121\/revisions"}],"predecessor-version":[{"id":15831,"href":"http:\/\/mvinternational.ngo\/de\/wp-json\/wp\/v2\/pages\/14121\/revisions\/15831"}],"wp:attachment":[{"href":"http:\/\/mvinternational.ngo\/de\/wp-json\/wp\/v2\/media?parent=14121"}],"curies":[{"name":"wp","href":"https:\/\/api.w.org\/{rel}","templated":true}]}}