{"id":13069,"date":"2022-04-08T09:20:40","date_gmt":"2022-04-08T09:20:40","guid":{"rendered":"https:\/\/mvinternational.ngo\/?page_id=13069"},"modified":"2023-10-08T17:42:09","modified_gmt":"2023-10-08T17:42:09","slug":"mvi-campaign-2021","status":"publish","type":"page","link":"http:\/\/mvinternational.ngo\/de\/mvi-campaign-2021\/","title":{"rendered":"MVI-Kampagne 2021"},"content":{"rendered":"<p><img loading=\"lazy\" decoding=\"async\" width=\"900\" height=\"160\" src=\"https:\/\/mvinternational.ngo\/wp-content\/uploads\/2022\/04\/s1.png\" alt=\"\"><\/p>\n<p style=\"text-align: justify;\">Die Internationale Sozialkampagne von MV \"Leave No One Behind\" f\u00f6rdert Inklusion, Gleichberechtigung und Jugendarbeit im Zentrum unserer t\u00e4glichen Arbeit. Die Sozialkampagne zielt darauf ab, den Zugang zum Recht auf Bildung zu unterst\u00fctzen, die Eingliederung benachteiligter Gruppen zu f\u00f6rdern und die Jugend durch die F\u00f6rderung von Kompetenzen und sozialem Engagement zu st\u00e4rken.<br \/>\nDie F\u00f6rderung von Inklusion, Gleichstellung und Jugendarbeit steht im Mittelpunkt unserer t\u00e4glichen Arbeit. Die Unterst\u00fctzung des Zugangs zum Recht auf Bildung, die F\u00f6rderung der Eingliederung benachteiligter Gruppen und die St\u00e4rkung der Jugend durch die F\u00f6rderung von Kompetenzen und sozialem Engagement sind die Ziele dieser Kampagne.<\/p>\n<p>Gleichzeitig zielt \"Leave No One Behind\" auf die Integration der Jugendarbeit in diesem Bereich ab und f\u00f6rdert die Kreativit\u00e4t, die Kompetenzen und das soziale Engagement junger Menschen, um einen sozialen Beitrag zu einer integrativen Gesellschaft zu leisten.<\/p>\n<p>Die Sozialkampagne \"Leave No One Behind\" wurde in einem digitalen Format (soziale Medien und Website) in allen Gebieten und Kontinenten des MV International Network durchgef\u00fchrt.<br \/>\nDie gesamte Reihe von Online-Aktionen, die im Rahmen der Sozialen Kampagne durchgef\u00fchrt wurden, zielte darauf ab, das Bewusstsein f\u00fcr die Bedrohung der Menschenrechte und universellen Werte durch Diskriminierung zu sch\u00e4rfen, wenn es um ethnische Minderheiten, Migranten und Fl\u00fcchtlinge, Menschen mit Behinderungen und alle Formen geschlechtsspezifischer Diskriminierung auf transversaler Ebene geht.<\/p>\n<h2>Der Startbeitrag:<\/h2>\n<p>MV International hat die Sozialkampagne \"LEAVE no one behind\" ins Leben gerufen, die sich f\u00fcr die Menschenrechte und eine friedliche Gesellschaft einsetzt, sowie f\u00fcr die Integration der Jugendarbeit vor Ort, um die Kreativit\u00e4t, die Kompetenzen und das soziale Engagement junger Menschen zu f\u00f6rdern und so zu einer integrativen Gesellschaft beizutragen. #Inclusion #Education #Rights #MVISocialCampaign2021 #EuropeanYouthFoundation #EYF #CoE #MVInternational #MVI #TheNetworkOfMineVagantiNGO #37NGOs #27Europ\u00e4ischeL\u00e4nder #8AssociatedMembers #4Continents #Influence #HardWorkPaysOff #FollowUs @MineVagantiNGO<br \/>\n<a href=\"https:\/\/www.facebook.com\/MVInternational\"><img loading=\"lazy\" decoding=\"async\" width=\"180\" height=\"180\" src=\"https:\/\/mvinternational.ngo\/wp-content\/uploads\/2020\/10\/cropped-Logo-MVI-300x210-1-180x180.png\" alt=\"\"><\/a><br \/>\n<a href=\"https:\/\/www.facebook.com\/MVInternational\">MV International<\/a><\/p>\n<h2>Die Beitr\u00e4ge:<\/h2>\n<figure><img decoding=\"async\" src=\"https:\/\/mvinternational.ngo\/wp-content\/uploads\/elementor\/thumbs\/262458000_454941022808390_542318290054103436_n-pn75vwkhxuikkonpfmh6vn9b2zlnhr72wzhziqur0o.png\" alt=\"Center for Development of Community Initiative &amp; Environment - Vietnam\"><figcaption>Zentrum f\u00fcr die Entwicklung von Gemeinschaftsinitiativen und Umwelt - Vietnam<\/figcaption><\/figure>\n<figure><img decoding=\"async\" src=\"https:\/\/mvinternational.ngo\/wp-content\/uploads\/elementor\/thumbs\/263542073_631591558042679_869885331788151010_n-pn75vyg6bil57wkz4nag0ms89rcdx5ejl8syharyo8.png\" alt=\"Center for Development of Community Initiative &amp; Environment - Vietnam\"><figcaption>Zentrum f\u00fcr die Entwicklung von Gemeinschaftsinitiativen und Umwelt - Vietnam<\/figcaption><\/figure>\n<figure><img decoding=\"async\" src=\"https:\/\/mvinternational.ngo\/wp-content\/uploads\/elementor\/thumbs\/266860144_1660561310951229_2252642590373110458_n-pn75vze0icmfjijlz5p2l4jov57r4ui9xdgfykqki0.png\" alt=\"Center for Development of Community Initiative &amp; Environment - Vietnam\"><figcaption>Zentrum f\u00fcr die Entwicklung von Gemeinschaftsinitiativen und Umwelt - Vietnam<\/figcaption><\/figure>\n<figure><img decoding=\"async\" src=\"https:\/\/mvinternational.ngo\/wp-content\/uploads\/elementor\/thumbs\/267132824_338183357774588_906417749194460184_n-pn75w19ow0p06qgvo6ibq42m1wyhk8pqlmrex4ns5k.png\" alt=\"Center for Development of Community Initiative &amp; Environment - Vietnam\"><figcaption>Zentrum f\u00fcr die Entwicklung von Gemeinschaftsinitiativen und Umwelt - Vietnam<\/figcaption><\/figure>\n<figure><img decoding=\"async\" src=\"https:\/\/mvinternational.ngo\/wp-content\/uploads\/elementor\/thumbs\/269661330_943574726277792_501925730064789262_n-pn75xw08d98d31rxuhcu558c89tjqr2oit2vzrwud0.png\" alt=\"Efektas Group - Lituania\"><figcaption>Efektas-Gruppe - Litauen<\/figcaption><\/figure>\n<figure><img decoding=\"async\" src=\"https:\/\/mvinternational.ngo\/wp-content\/uploads\/elementor\/thumbs\/270269413_1068707430529148_5453560957243426965_n-pn75xzrl4ldidhmh8izcf4a6ltb0ljhlvbotwvr9o4.png\" alt=\"Efektas Group - Lituania\"><figcaption>Efektas-Gruppe - Litauen<\/figcaption><\/figure>\n<figure><img decoding=\"async\" src=\"https:\/\/mvinternational.ngo\/wp-content\/uploads\/elementor\/thumbs\/266676792_648835069463240_4741604832162161480_n-pn765glff7lilyrzmr6n88g0i0hzqz4u8a9p60omy6.jpg\" alt=\"GNO FAR - Senegal\"><figcaption>GNO FAR - Senegal<\/figcaption><\/figure>\n<figure><img decoding=\"async\" src=\"https:\/\/mvinternational.ngo\/wp-content\/uploads\/elementor\/thumbs\/267975692_1092060271543781_7611663111316021420_n-pn765hj9m1msxkqmh9l9sq7h3edcyo8kkex6nan8ry.jpg\" alt=\"GNO FAR - Senegal\"><figcaption>GNO FAR - Senegal<\/figcaption><\/figure>\n<figure><img decoding=\"async\" src=\"https:\/\/mvinternational.ngo\/wp-content\/uploads\/elementor\/thumbs\/268477043_339498274303959_3461380316966732221_n-pn765ih3svo396p9brzwd7yxos8q6dcawjko4klulq.jpg\" alt=\"GNO FAR - Senegal\"><figcaption>GNO FAR - Senegal<\/figcaption><\/figure>\n<figure><img decoding=\"async\" src=\"https:\/\/mvinternational.ngo\/wp-content\/uploads\/elementor\/thumbs\/269362359_1286282788503204_2446322126884721252_n-pn765ih3svo396p9brzwd7yxos8q6dcawjko4klulq.jpg\" alt=\"GNO FAR - Senegal\"><figcaption>GNO FAR - Senegal<\/figcaption><\/figure>\n<figure><img decoding=\"async\" src=\"https:\/\/mvinternational.ngo\/wp-content\/uploads\/elementor\/thumbs\/Angeliki-Slogan-pn769qqyk1gji0k2mltgl5jlx7e6tc4thh9brq5vlg.jpg\" alt=\"MV International - Italy\"><figcaption>MV International - Italien<\/figcaption><\/figure>\n<figure><img decoding=\"async\" src=\"https:\/\/mvinternational.ngo\/wp-content\/uploads\/elementor\/thumbs\/Carolina-Slogan-pn769rosqvhttmiph4835nb2il9k118jtlwtcoanbs.jpg\" alt=\"MV International - Italy\"><figcaption>MV International - Italien<\/figcaption><\/figure>\n<figure><img decoding=\"async\" src=\"https:\/\/mvinternational.ngo\/wp-content\/uploads\/elementor\/thumbs\/Nicolai-Slogan-pn769smmxpj458hcbmmpq52j3z4x8qca5qkaqa3390.jpg\" alt=\"MV International - Italy\"><figcaption>MV International - Italien<\/figcaption><\/figure>\n<figure><img decoding=\"async\" src=\"https:\/\/mvinternational.ngo\/wp-content\/uploads\/elementor\/thumbs\/Taya-Slogan-pn769tkh4jkegufz651camtzpd0agfg0hv7s7k1p2s.jpg\" alt=\"MV International - Italy\"><figcaption>MV International - Italien<\/figcaption><\/figure>\n<figure><img decoding=\"async\" src=\"https:\/\/mvinternational.ngo\/wp-content\/uploads\/elementor\/thumbs\/264167578_638681640818505_7944887009185043078_n-pn76aiy492j56bf41y09nyffqrj7898rlctw97bak4.jpg\" alt=\"Club Vilo - Argentina\"><figcaption>Club Vilo - Argentinien<\/figcaption><\/figure>\n<figure><img decoding=\"async\" src=\"https:\/\/mvinternational.ngo\/wp-content\/uploads\/elementor\/thumbs\/265207425_4643045822488042_4129325074319130706_n-pn76ajvyfwkfhxdqwgew8g6wc5ekfychxhhdqh9wdw.jpg\" alt=\"Club Vilo - Argentina\"><figcaption>Club Vilo - Argentinien<\/figcaption><\/figure>\n<figure><img decoding=\"async\" src=\"https:\/\/mvinternational.ngo\/wp-content\/uploads\/elementor\/thumbs\/271274969_386056043291678_3556697955420728471_n-pn76g43kvm6i6vaxfcyfhjo2v7zqzhfbp0fsyww1pw.jpg\" alt=\"Sivas Geli\u015fim Derne\u011fi - Sivas - Turkey\"><figcaption>Sivas Geli\u015fim Derne\u011fi - Sivas - T\u00fcrkei<\/figcaption><\/figure>\n<figure><img decoding=\"async\" src=\"https:\/\/mvinternational.ngo\/wp-content\/uploads\/elementor\/thumbs\/Serenay-Slogan-pn76h4raa5korntohasvosf218z2boguu1vqopdoz8.jpg\" alt=\"Sivas Gelisim Genclik ve Spor Kulubu Dernegi - Turkey\"><figcaption>Sivas Gelisim Genclik ve Spor Kulubu Dernegi - T\u00fcrkei<\/figcaption><\/figure>\n<figure><img decoding=\"async\" src=\"https:\/\/mvinternational.ngo\/wp-content\/uploads\/2022\/04\/b36962d9-db8b-4e7e-90dc-c64705c14836.mp4\" alt=\"Youth Power Initiative Group\"><\/figure>\n<figure><img decoding=\"async\" src=\"https:\/\/mvinternational.ngo\/wp-content\/uploads\/elementor\/thumbs\/Gulu-Abbasova-pn76jqr59l5d0o158ffkm4p5fs3rpeu0iz4aodibp0.jpeg\" alt=\"Youth Power Initiative Group\"><figcaption>Initiativgruppe \"Jugend Macht<\/figcaption><\/figure>\n<figure><img decoding=\"async\" src=\"https:\/\/mvinternational.ngo\/wp-content\/uploads\/2022\/04\/Sanan-Agayev.mp4\" alt=\"Youth Power Initiative Group\"><\/figure>\n<figure><img decoding=\"async\" src=\"https:\/\/mvinternational.ngo\/wp-content\/uploads\/elementor\/thumbs\/272449546_3206994472856552_2527194675878609790_n-pn76lgshsniaaxj1668y6p1kn7lztfoari6ccmycac.jpg\" alt=\"Young people and youth workers\"><figcaption>Junge Menschen und Jugendbetreuer<\/figcaption><\/figure>\n<figure><img decoding=\"async\" src=\"https:\/\/mvinternational.ngo\/wp-content\/uploads\/elementor\/thumbs\/272642040_274743534780514_3012829884987249624_n-pn76llhoqtopwzc7eqa315uvm4ytvx6yg5frr0rdf8.jpg\" alt=\"Young people and youth workers\"><figcaption>Junge Menschen und Jugendbetreuer<\/figcaption><\/figure>\n<figure><img decoding=\"async\" src=\"https:\/\/mvinternational.ngo\/wp-content\/uploads\/elementor\/thumbs\/272690192_224774646441951_7541423470914907906_n-pn76lob7bbskvt83y9hyqn59eakxj0i5gje86un6wk.jpg\" alt=\"Young people and youth workers\"><figcaption>Junge Menschen und Jugendbetreuer<\/figcaption><\/figure>\n<p>Vorherige<br \/>\nWeiter<\/p>\n<h1 style=\"text-align: center;\">Erfahren Sie mehr \u00fcber die Kampagne \"Niemanden zur\u00fccklassen\". <a href=\"https:\/\/www.facebook.com\/MVInternational\">hier<\/a> und \u00fcber den Hashtag #MVISocialCampaign2021 in den sozialen Medien!<\/h1>\n<h3 style=\"text-align: center;\">Wenn Sie die Kampagne \u00fcbernehmen oder einen Workshop mit Ihren Freunden oder lokalen Gruppen durchf\u00fchren m\u00f6chten, k\u00f6nnen Sie das \"HUMAN RIGHTS EDUCATION TOOLKIT\" verwenden.<\/h3>\n<h2 style=\"text-align: center;\">Lesen Sie es <a href=\"https:\/\/mvinternational.ngo\/wp-content\/uploads\/2022\/04\/MVI-Human-Rights-Education-Toolkit.pdf\">hier<\/a>!<\/h2>\n<p><img loading=\"lazy\" decoding=\"async\" width=\"900\" height=\"183\" src=\"https:\/\/mvinternational.ngo\/wp-content\/uploads\/2022\/04\/s2-1024x208.png\" alt=\"\"><\/p>\n<h6 style=\"text-align: right\"><em>\"Diese Publikation wurde von MV International mit der Unterst\u00fctzung der Europ\u00e4ischen Jugendstiftung des Europarats erstellt.<br \/>\nEr spiegelt nicht unbedingt die offizielle Position des Europarates wider.<\/em><\/h6>","protected":false},"excerpt":{"rendered":"<p>Die Internationale Sozialkampagne von MV \"Leave No One Behind\" f\u00f6rdert Inklusion, Gleichberechtigung und Jugendarbeit im Zentrum unserer t\u00e4glichen Arbeit. Die Sozialkampagne zielt darauf ab, den Zugang zum Recht auf Bildung zu unterst\u00fctzen, die Eingliederung benachteiligter Gruppen zu f\u00f6rdern und die Jugend durch die F\u00f6rderung von Kompetenzen und sozialem Engagement zu st\u00e4rken. Die F\u00f6rderung von Inklusion, Gleichberechtigung und Jugendarbeit steht im Mittelpunkt unserer t\u00e4glichen Arbeit. Die Unterst\u00fctzung des Zugangs zum Recht auf Bildung, die F\u00f6rderung der Inklusion benachteiligter Gruppen und die St\u00e4rkung der Jugend durch die F\u00f6rderung von Kompetenzen und sozialem Engagement sind die Ziele dieser Kampagne. Gleichzeitig zielt \"Leave No One Behind\" auf die Integration von Jugendarbeit vor Ort, die F\u00f6rderung der Kreativit\u00e4t, der Kompetenzen und des sozialen Engagements junger Menschen, um einen sozialen Beitrag zu einer integrativen Gesellschaft zu leisten. Die Sozialkampagne \"Leave No One Behind\" wurde in einem digitalen Format (Soziale Medien und Website) in allen Gebieten und Kontinenten des MV International Network durchgef\u00fchrt. Die gesamte Reihe von Online-Aktionen, die im Rahmen der Sozialkampagne durchgef\u00fchrt wurden, zielte darauf ab, das Bewusstsein f\u00fcr die Bedrohung zu sch\u00e4rfen, die Diskriminierung f\u00fcr Menschenrechte und universelle Werte darstellt, wenn es um ethnische Minderheiten, Migranten und Fl\u00fcchtlinge, Menschen mit Behinderungen und alle Formen von geschlechtsspezifischer Diskriminierung auf transversaler Ebene geht. Der Startbeitrag: MV International hat die Sozialkampagne \"LEAVE no one behind\" ins Leben gerufen, die sich f\u00fcr die Menschenrechte und eine friedliche Gesellschaft einsetzt, sowie f\u00fcr die Integration der Jugendarbeit in diesem Bereich, indem sie die Kreativit\u00e4t, die Kompetenzen und das soziale Engagement junger Menschen f\u00f6rdert, um einen Beitrag zu einer integrativen Gesellschaft zu leisten. #Inclusion #Education #Rights #MVISocialCampaign2021 #EuropeanYouthFoundation #EYF #CoE #MVInternational #MVI #TheNetworkOfMineVagantiNGO #37NGOs #27Europ\u00e4ischeL\u00e4nder #8AssoziierteMitglieder #4Kontinente #Einfluss #HardWorkPaysOff #FollowUs @MineVagantiNGO MV International Die Beitr\u00e4ge: Center for Development of Community Initiative &amp; Environment - Vietnam Center for Development of Community Initiative &amp; Environment - Vietnam Center for Development of Community Initiative &amp; Environment - Vietnam Center for Development of Community Initiative &amp; Environment - Vietnam Efektas Group - Lituania Efektas Group - Lituania GNO FAR - Senegal GNO FAR - Senegal GNO FAR - Senegal GNO FAR - Senegal MV International - Italien MV International - Italien MV International - Italien Italien MV International - Italien MV International - Italien Club Vilo - Argentinien Club Vilo - Argentinien Sivas Geli\u015fim Derne\u011fi - Sivas - T\u00fcrkei Sivas Gelisim Genclik ve Spor Kulubu Dernegi - T\u00fcrkei Youth Power Initiative Group Junge Menschen und Jugendbetreuer Junge Menschen und Jugendbetreuer Junge Menschen und Jugendbetreuer Vorherige N\u00e4chste Erfahren Sie mehr \u00fcber die Kampagne \"Leave No One Behind\" hier und \u00fcber den Hashtag #MVISocialCampaign2021 in den sozialen Medien! Wenn du die Kampagne \u00fcbernehmen oder einen Workshop mit deinen Freunden oder deiner lokalen Gruppe durchf\u00fchren m\u00f6chtest, kannst du das \"HUMAN RIGHTS EDUCATION TOOLKIT\" verwenden. Lesen Sie es hier! \"Diese Publikation wurde von MV International mit der Unterst\u00fctzung der Europ\u00e4ischen Jugendstiftung des Europarates erstellt. Sie gibt nicht notwendigerweise die offizielle Position des Europarates wieder.\"<\/p>","protected":false},"author":2,"featured_media":0,"parent":0,"menu_order":0,"comment_status":"closed","ping_status":"closed","template":"","meta":{"footnotes":""},"class_list":["post-13069","page","type-page","status-publish","hentry"],"_links":{"self":[{"href":"http:\/\/mvinternational.ngo\/de\/wp-json\/wp\/v2\/pages\/13069","targetHints":{"allow":["GET"]}}],"collection":[{"href":"http:\/\/mvinternational.ngo\/de\/wp-json\/wp\/v2\/pages"}],"about":[{"href":"http:\/\/mvinternational.ngo\/de\/wp-json\/wp\/v2\/types\/page"}],"author":[{"embeddable":true,"href":"http:\/\/mvinternational.ngo\/de\/wp-json\/wp\/v2\/users\/2"}],"replies":[{"embeddable":true,"href":"http:\/\/mvinternational.ngo\/de\/wp-json\/wp\/v2\/comments?post=13069"}],"version-history":[{"count":46,"href":"http:\/\/mvinternational.ngo\/de\/wp-json\/wp\/v2\/pages\/13069\/revisions"}],"predecessor-version":[{"id":13275,"href":"http:\/\/mvinternational.ngo\/de\/wp-json\/wp\/v2\/pages\/13069\/revisions\/13275"}],"wp:attachment":[{"href":"http:\/\/mvinternational.ngo\/de\/wp-json\/wp\/v2\/media?parent=13069"}],"curies":[{"name":"wp","href":"https:\/\/api.w.org\/{rel}","templated":true}]}}