{"id":12126,"date":"2020-10-06T09:37:06","date_gmt":"2020-10-06T09:37:06","guid":{"rendered":"http:\/\/www.mvinternational.ngo\/?page_id=12126"},"modified":"2020-10-15T20:26:12","modified_gmt":"2020-10-15T20:26:12","slug":"mvi-campaign-2016","status":"publish","type":"page","link":"http:\/\/mvinternational.ngo\/de\/mvi-campaign-2016\/","title":{"rendered":"MVI-Kampagne 2016"},"content":{"rendered":"<div data-elementor-type=\"wp-page\" data-elementor-id=\"12126\" class=\"elementor elementor-12126\">\n\t\t\t\t\t\t<section class=\"elementor-section elementor-top-section elementor-element elementor-element-99ccf30 elementor-section-boxed elementor-section-height-default elementor-section-height-default exad-glass-effect-no wpr-particle-no wpr-jarallax-no wpr-parallax-no wpr-sticky-section-no wpr-equal-height-no exad-sticky-section-no\" data-id=\"99ccf30\" data-element_type=\"section\" data-e-type=\"section\">\n\t\t\t\t\t\t<div class=\"elementor-container elementor-column-gap-default\">\n\t\t\t\t\t<div class=\"elementor-column elementor-col-100 elementor-top-column elementor-element elementor-element-775bd12 column-style-top column-top exad-glass-effect-no exad-sticky-section-no\" data-id=\"775bd12\" data-element_type=\"column\" data-e-type=\"column\">\n\t\t\t<div class=\"elementor-widget-wrap elementor-element-populated\">\n\t\t\t\t\t\t<div class=\"elementor-element elementor-element-46653e1 exad-sticky-section-no exad-glass-effect-no elementor-widget elementor-widget-image\" data-id=\"46653e1\" data-element_type=\"widget\" data-e-type=\"widget\" data-widget_type=\"image.default\">\n\t\t\t\t\t\t\t\t\t\t\t\t\t\t\t<img decoding=\"async\" src=\"https:\/\/mvinternational.ngo\/wp-content\/uploads\/2020\/10\/Logo-600x451.jpg\" title=\"Logo\" alt=\"Logo\" loading=\"lazy\" \/>\t\t\t\t\t\t\t\t\t\t\t\t\t\t\t<\/div>\n\t\t\t\t<div class=\"elementor-element elementor-element-ae93104 exad-sticky-section-no exad-glass-effect-no elementor-widget elementor-widget-text-editor\" data-id=\"ae93104\" data-element_type=\"widget\" data-e-type=\"widget\" data-widget_type=\"text-editor.default\">\n\t\t\t\t\t\t\t\t\t<h3>Recht auf Bildung und keine Hassrede<\/h3><p>Mit der F\u00f6rderung der Kampagne \"RECHT AUF BILDUNG und KEINE HASSSPRACHE\" wollte ENGO MVI sein 4-j\u00e4hriges Bestehen (19. November 2012) feiern. Seit 4 Jahren tragen wir zur Entwicklung der Gesellschaft und ihrer Mitglieder durch verschiedene Methoden der Bildung bei.<\/p><p>Ziel dieser Kampagne war es, die Gesellschaft f\u00fcr das Thema Bildung zu sensibilisieren und das Recht auf Bildung f\u00fcr alle zu verankern sowie gegen \u00c4u\u00dferungen vorzugehen, die eine Person oder eine Gruppe aufgrund von Merkmalen wie Geschlecht, ethnischer Herkunft, Religion, Rasse, Behinderung oder sexueller Ausrichtung angreifen.<\/p><p>Dies sind zwei gro\u00dfe Probleme unserer Gesellschaft, die jeden Menschen mehr oder weniger betreffen. Mit dieser Kampagne wollen wir <i>gehofft <\/i>zu informieren und die Vorstellung zu vermitteln, dass wir alle gleich sind und die gleichen Rechte haben.<\/p><p>Es liegt in der Verantwortung der L\u00e4nder, das Recht eines jeden Kindes auf Bildung zu gew\u00e4hrleisten. Sie m\u00fcssen ihre Anstrengungen auf die Grundschulbildung konzentrieren, um allen Kindern den Zugang zu Schulen zu erm\u00f6glichen und sie in die Lage zu versetzen, lesen und schreiben zu lernen.<\/p><p>Au\u00dferdem d\u00fcrfen wir die nicht formale Bildung nicht vergessen, die einen gro\u00dfen Einfluss auf das Leben der Kinder hat.<\/p><p>Bildung, sowohl formale als auch nicht formale, unterst\u00fctzt junge Menschen bei der Verfolgung ihrer Interessen und Hauptziele. Nicht-formale Bildung gibt jungen Menschen die M\u00f6glichkeit, Werte, F\u00e4higkeiten und Kompetenzen zu entwickeln, die die Methoden und Strukturen der formalen Bildung erg\u00e4nzen.<\/p><p>Diese F\u00e4higkeiten (auch \"Soft Skills\" genannt) umfassen ein breites Spektrum an Kompetenzen wie zwischenmenschliche F\u00e4higkeiten, Teamf\u00e4higkeit, Organisationsf\u00e4higkeit und Konfliktmanagement, interkulturelles Bewusstsein, F\u00fchrungsqualit\u00e4ten, Planungs-, Organisations-, Koordinations- und praktische Probleml\u00f6sungsf\u00e4higkeiten, Teamarbeit, Selbstvertrauen, Disziplin und Verantwortungsbewusstsein.<\/p><p>Das Besondere an der nicht-formalen Bildung ist, dass der Einzelne, der Teilnehmer, der Akteur im Bildungs-\/Lernprozess ist und nicht der blo\u00dfe Adressat. Um jungen Menschen zu helfen, die Vorteile nicht-formaler Bildungsaktivit\u00e4ten zu nutzen, entwickeln und perfektionieren NRO und andere Einrichtungen Projekte und Initiativen, die auf nicht-formalen Bildungsmethoden basieren, wobei jede Zielgruppengruppe die M\u00f6glichkeit hat, die Themen zu w\u00e4hlen, die f\u00fcr sie am interessantesten sind.<\/p><p>Die zweite S\u00e4ule der MV International 2016 Sozialkampagne ist das Thema \"No Hate Speech\"-Werte. Hassreden waren immer die erste Waffe des Angriffs auf Neueinwanderer, auf Menschen auf der Grundlage von Merkmalen wie ethnische Herkunft, Religion, Rasse, Geschlecht, Behinderung oder sexuelle Orientierung und haben das Potenzial, Schaden anzurichten.<\/p><p>So gut wie jeder kann zur Zielscheibe von Hassreden werden. Einige Menschen k\u00f6nnten aufgrund ihrer Zugeh\u00f6rigkeit zu einer bestimmten Rasse, Nationalit\u00e4t oder Religion zur Zielscheibe werden. Andere Menschen k\u00f6nnten zur Zielscheibe werden, weil sie in irgendeiner Weise behindert sind, oder wegen ihres Geschlechts, ihres Alters oder ihrer sexuellen Orientierung.<\/p><p>Um solche Konflikte zu vermeiden und die Gesellschaft f\u00fcr die katastrophalen und negativen Seiten dieser Aktionen zu sensibilisieren und zu informieren, werden h\u00e4ufig Gedenkveranstaltungen organisiert.<\/p><p>Einer davon ist der Europ\u00e4ische Aktionstag f\u00fcr die Opfer von Hasskriminalit\u00e4t, der am 22. Juli stattfindet - dem Tag der Anschl\u00e4ge von Oslo und des Ut\u00f8ya-Massakers, die insgesamt 77 Menschenleben forderten. Jedes Jahr gedenkt die \"No Hate Speech\"-Bewegung mit ihren Aktivisten und Partnerorganisationen den Opfern von Hassverbrechen und bringt ihre Solidarit\u00e4t mit ihnen zum Ausdruck.<\/p><p>Die Staaten sind gem\u00e4\u00df Artikel 14 der Europ\u00e4ischen Menschenrechtskonvention daf\u00fcr verantwortlich, die Motive f\u00fcr Hassverbrechen zu untersuchen und aufzudecken, da sie die gesamte Gesellschaft betreffen.<\/p><p>Nachdem sie die Idee\/Ziele der Kampagne gelesen\/verstanden hatten, folgten die Teilnehmer den n\u00e4chsten Schritten, indem sie die geforderten Informationen ausf\u00fcllten und ihre Vorschl\u00e4ge an ENGO MVI unter der E-Mail-Adresse secretary@mvinternational.info schickten.<\/p><p>Video: NO HATE SPEECH (ca. 3 Min.) - Die TeilnehmerInnen nahmen ein Video auf, in dem sie ein Problem mit Hate Speech ausw\u00e4hlten, mit dem ihre Gemeinschaft (oder Europa) konfrontiert war, und versuchten, eine L\u00f6sung zu finden, die eine Chance f\u00fcr Zusammenarbeit und Toleranz in der Gesellschaft darstellen k\u00f6nnte.<\/p><p>Foto: Die Teilnehmer erstellten ein Foto zum Thema \"Recht auf Bildung\". Die Fotografien wurden von MVI gesammelt und waren Teil der Kampagne. Beide Videos erschienen auf der Website von ENGO MVI.<\/p><p>Dies ist das zusammenfassende Video der Kampagne:<\/p>\t\t\t\t\t\t\t\t<\/div>\n\t\t\t\t<div class=\"elementor-element elementor-element-2b4deb8 exad-sticky-section-no exad-glass-effect-no elementor-widget elementor-widget-video\" data-id=\"2b4deb8\" data-element_type=\"widget\" data-e-type=\"widget\" data-settings=\"{&quot;youtube_url&quot;:&quot;https:\\\/\\\/www.youtube.com\\\/watch?v=QjB2JYOq_Fk&quot;,&quot;video_type&quot;:&quot;youtube&quot;,&quot;controls&quot;:&quot;yes&quot;}\" data-widget_type=\"video.default\">\n\t\t\t\t\t\t\t<div class=\"elementor-wrapper elementor-open-inline\">\n\t\t\t<div class=\"elementor-video\"><\/div>\t\t<\/div>\n\t\t\t\t\t\t<\/div>\n\t\t\t\t\t<\/div>\n\t\t<\/div>\n\t\t\t\t\t<\/div>\n\t\t<\/section>\n\t\t\t\t<\/div>","protected":false},"excerpt":{"rendered":"<p>Recht auf Bildung und keine Hassrede Mit der Kampagne \"RECHT AUF BILDUNG und KEINE HASSREDE\" wollte ENGO MVI sein 4-j\u00e4hriges Bestehen (19. November 2012) feiern. Seit 4 Jahren tragen wir mit verschiedenen Bildungsmethoden zur Entwicklung der Gesellschaft und ihrer Mitglieder bei. Das Ziel dieser Kampagne war es, die Gesellschaft f\u00fcr das Thema Bildung zu sensibilisieren und das Recht auf Bildung f\u00fcr alle zu verankern, sowie f\u00fcr \u00c4u\u00dferungen, die eine Person oder eine Gruppe aufgrund von Merkmalen wie Geschlecht, ethnischer Herkunft, Religion, Rasse, Behinderung oder sexueller Orientierung angreifen. Dies sind zwei gro\u00dfe Probleme unserer Gesellschaft, die jeden Menschen mehr oder weniger betreffen. Mit dieser Kampagne hoffen wir, zu informieren und die Idee zu vermitteln, dass wir alle gleich sind und die gleichen Rechte haben. Es liegt in der Verantwortung der L\u00e4nder, das Recht eines jeden Kindes auf Bildung zu garantieren. Sie m\u00fcssen ihre Anstrengungen auf die Grundschulbildung konzentrieren, um allen Kindern den Zugang zu Schulen zu erm\u00f6glichen und sie in die Lage zu versetzen, lesen und schreiben zu lernen. Au\u00dferdem d\u00fcrfen wir die nicht formale Bildung nicht vergessen, die einen gro\u00dfen Einfluss auf das Leben der Kinder hat. Bildung, sowohl formale als auch nicht formale, unterst\u00fctzt junge Menschen bei der Verfolgung ihrer Interessen und Hauptziele. Nicht-formale Bildung gibt jungen Menschen die M\u00f6glichkeit, Werte, F\u00e4higkeiten und Kompetenzen zu entwickeln, die die formalen Bildungsmethoden und -einrichtungen erg\u00e4nzen. Diese F\u00e4higkeiten (auch \"Soft Skills\" genannt) umfassen ein breites Spektrum an Kompetenzen wie zwischenmenschliche F\u00e4higkeiten, Teamf\u00e4higkeit, Organisationsf\u00e4higkeit und Konfliktmanagement, interkulturelles Bewusstsein, F\u00fchrungsqualit\u00e4ten, Planungs-, Organisations-, Koordinations- und praktische Probleml\u00f6sungsf\u00e4higkeiten, Teamarbeit, Selbstvertrauen, Disziplin und Verantwortungsbewusstsein. Das Besondere an der nicht-formalen Bildung ist, dass der Einzelne, der Teilnehmer, der Akteur im Bildungs-\/Lernprozess ist und nicht der blo\u00dfe Adressat. Um junge Menschen dabei zu unterst\u00fctzen, die Vorteile nicht-formaler Bildungsaktivit\u00e4ten zu nutzen, entwickeln und perfektionieren NRO und andere Einrichtungen Projekte und Initiativen, die auf nicht-formalen Bildungsmethoden basieren, wobei jede Zielgruppengruppe die M\u00f6glichkeit hat, die Themen auszuw\u00e4hlen, die f\u00fcr sie am interessantesten sind. Die zweite S\u00e4ule der MV International 2016 Social Campaign ist das Thema \"No Hate Speech\". Hassreden waren schon immer die erste Waffe des Angriffs auf Neueinwanderer, auf Menschen aufgrund von Merkmalen wie ethnischer Herkunft, Religion, Rasse, Geschlecht, Behinderung oder sexueller Orientierung und haben das Potenzial, Schaden anzurichten. So gut wie jeder kann zur Zielscheibe von Hassreden werden. Einige Menschen k\u00f6nnen aufgrund ihrer Zugeh\u00f6rigkeit zu einer bestimmten Rasse, Nationalit\u00e4t oder Religion zur Zielscheibe werden. Andere Menschen k\u00f6nnten zur Zielscheibe werden, weil sie in irgendeiner Weise behindert sind oder aufgrund ihres Geschlechts, ihres Alters oder ihrer sexuellen Ausrichtung. Um Konflikte dieser Art zu vermeiden und die Gesellschaft f\u00fcr die katastrophalen und negativen Seiten dieser Aktionen zu sensibilisieren und zu informieren, werden h\u00e4ufig Gedenkveranstaltungen organisiert. Eine davon ist der Europ\u00e4ische Aktionstag f\u00fcr die Opfer von Hasskriminalit\u00e4t, der am 22. Juli stattfindet - dem Tag der Anschl\u00e4ge von Oslo und des Ut\u00f8ya-Massakers, die insgesamt 77 Menschenleben forderten. Jedes Jahr gedenkt die No Hate Speech-Bewegung mit ihren Aktivisten und Partnerorganisationen der Opfer von Hassverbrechen und bekundet ihre Solidarit\u00e4t mit ihnen. Gem\u00e4\u00df Artikel 14 der Europ\u00e4ischen Menschenrechtskonvention sind die Staaten daf\u00fcr verantwortlich, die Motive f\u00fcr Hassverbrechen zu untersuchen und zu entlarven, da sie die gesamte Gesellschaft betreffen. Nachdem sie die Idee\/Ziele der Kampagne gelesen\/verstanden hatten, folgten die Teilnehmer den n\u00e4chsten Schritten, indem sie die geforderten Informationen ausf\u00fcllten und ihre Vorschl\u00e4ge an ENGO MVI unter der E-Mail-Adresse secretary@mvinternational.info. video \u00fcbermittelten: NO HATE SPEECH (ca. 3 Minuten) - die TeilnehmerInnen nahmen ein Video auf, in dem sie ein Problem mit Hate Speech ausw\u00e4hlten, mit dem ihre Gemeinschaft (oder Europa) konfrontiert war, und versuchten, eine L\u00f6sung zu finden, die eine Chance f\u00fcr Zusammenarbeit und Toleranz in der Gesellschaft darstellen k\u00f6nnte. Foto: Die Teilnehmer erstellten ein Foto zum Thema Recht auf Bildung. Die Fotografien wurden von MVI gesammelt und waren Teil der Kampagne. Beide Videos wurden auf der Website von ENGO MVI ver\u00f6ffentlicht. Dies ist das zusammenfassende Video der Kampagne: https:\/\/www.youtube.com\/watch?v=QjB2JYOq_Fk<\/p>","protected":false},"author":5,"featured_media":0,"parent":0,"menu_order":0,"comment_status":"closed","ping_status":"closed","template":"","meta":{"footnotes":""},"class_list":["post-12126","page","type-page","status-publish","hentry"],"_links":{"self":[{"href":"http:\/\/mvinternational.ngo\/de\/wp-json\/wp\/v2\/pages\/12126","targetHints":{"allow":["GET"]}}],"collection":[{"href":"http:\/\/mvinternational.ngo\/de\/wp-json\/wp\/v2\/pages"}],"about":[{"href":"http:\/\/mvinternational.ngo\/de\/wp-json\/wp\/v2\/types\/page"}],"author":[{"embeddable":true,"href":"http:\/\/mvinternational.ngo\/de\/wp-json\/wp\/v2\/users\/5"}],"replies":[{"embeddable":true,"href":"http:\/\/mvinternational.ngo\/de\/wp-json\/wp\/v2\/comments?post=12126"}],"version-history":[{"count":4,"href":"http:\/\/mvinternational.ngo\/de\/wp-json\/wp\/v2\/pages\/12126\/revisions"}],"predecessor-version":[{"id":12910,"href":"http:\/\/mvinternational.ngo\/de\/wp-json\/wp\/v2\/pages\/12126\/revisions\/12910"}],"wp:attachment":[{"href":"http:\/\/mvinternational.ngo\/de\/wp-json\/wp\/v2\/media?parent=12126"}],"curies":[{"name":"wp","href":"https:\/\/api.w.org\/{rel}","templated":true}]}}