{"id":12100,"date":"2020-10-06T09:08:41","date_gmt":"2020-10-06T09:08:41","guid":{"rendered":"http:\/\/www.mvinternational.ngo\/?page_id=12100"},"modified":"2023-10-08T17:42:04","modified_gmt":"2023-10-08T17:42:04","slug":"mvi-campaign-2020","status":"publish","type":"page","link":"http:\/\/mvinternational.ngo\/de\/mvi-campaign-2020\/","title":{"rendered":"MVI-Kampagne 2020"},"content":{"rendered":"<div data-elementor-type=\"wp-page\" data-elementor-id=\"12100\" class=\"elementor elementor-12100\">\n\t\t\t\t\t\t<section class=\"elementor-section elementor-top-section elementor-element elementor-element-5666e14 elementor-section-boxed elementor-section-height-default elementor-section-height-default exad-glass-effect-no wpr-particle-no wpr-jarallax-no wpr-parallax-no wpr-sticky-section-no wpr-equal-height-no exad-sticky-section-no\" data-id=\"5666e14\" data-element_type=\"section\" data-e-type=\"section\">\n\t\t\t\t\t\t<div class=\"elementor-container elementor-column-gap-default\">\n\t\t\t\t\t<div class=\"elementor-column elementor-col-100 elementor-top-column elementor-element elementor-element-63f4b36 column-style-top column-top exad-glass-effect-no exad-sticky-section-no\" data-id=\"63f4b36\" data-element_type=\"column\" data-e-type=\"column\">\n\t\t\t<div class=\"elementor-widget-wrap elementor-element-populated\">\n\t\t\t\t\t\t<div class=\"elementor-element elementor-element-7a5b880 exad-sticky-section-no exad-glass-effect-no elementor-widget elementor-widget-spacer\" data-id=\"7a5b880\" data-element_type=\"widget\" data-e-type=\"widget\" data-widget_type=\"spacer.default\">\n\t\t\t\t\t\t\t<div class=\"elementor-spacer\">\n\t\t\t<div class=\"elementor-spacer-inner\"><\/div>\n\t\t<\/div>\n\t\t\t\t\t\t<\/div>\n\t\t\t\t<div class=\"elementor-element elementor-element-c6b1114 exad-sticky-section-no exad-glass-effect-no elementor-widget elementor-widget-image\" data-id=\"c6b1114\" data-element_type=\"widget\" data-e-type=\"widget\" data-widget_type=\"image.default\">\n\t\t\t\t\t\t\t\t\t\t\t\t\t\t\t<img fetchpriority=\"high\" decoding=\"async\" width=\"900\" height=\"754\" src=\"https:\/\/mvinternational.ngo\/wp-content\/uploads\/2022\/11\/mvi-sc19.png\" class=\"attachment-large size-large wp-image-14785\" alt=\"\" \/>\t\t\t\t\t\t\t\t\t\t\t\t\t\t\t<\/div>\n\t\t\t\t\t<\/div>\n\t\t<\/div>\n\t\t\t\t\t<\/div>\n\t\t<\/section>\n\t\t\t\t<section class=\"elementor-section elementor-top-section elementor-element elementor-element-49e59a57 elementor-section-boxed elementor-section-height-default elementor-section-height-default exad-glass-effect-no wpr-particle-no wpr-jarallax-no wpr-parallax-no wpr-sticky-section-no wpr-equal-height-no exad-sticky-section-no\" data-id=\"49e59a57\" data-element_type=\"section\" data-e-type=\"section\">\n\t\t\t\t\t\t<div class=\"elementor-container elementor-column-gap-default\">\n\t\t\t\t\t<div class=\"elementor-column elementor-col-100 elementor-top-column elementor-element elementor-element-dae6266 column-style-top column-top exad-glass-effect-no exad-sticky-section-no\" data-id=\"dae6266\" data-element_type=\"column\" data-e-type=\"column\">\n\t\t\t<div class=\"elementor-widget-wrap elementor-element-populated\">\n\t\t\t\t\t\t<div class=\"elementor-element elementor-element-fa45621 exad-sticky-section-no exad-glass-effect-no elementor-widget elementor-widget-spacer\" data-id=\"fa45621\" data-element_type=\"widget\" data-e-type=\"widget\" data-widget_type=\"spacer.default\">\n\t\t\t\t\t\t\t<div class=\"elementor-spacer\">\n\t\t\t<div class=\"elementor-spacer-inner\"><\/div>\n\t\t<\/div>\n\t\t\t\t\t\t<\/div>\n\t\t\t\t<div class=\"elementor-element elementor-element-247ca3b0 exad-sticky-section-no exad-glass-effect-no elementor-widget elementor-widget-text-editor\" data-id=\"247ca3b0\" data-element_type=\"widget\" data-e-type=\"widget\" data-widget_type=\"text-editor.default\">\n\t\t\t\t\t\t\t\t\t<p><strong><\/strong><\/p>\n<p>MV International hat die Sozialkampagne \"Digitale Bildung f\u00fcr alle\" gestartet. Der COVID-Virus hat das Leben vieler Menschen beeintr\u00e4chtigt, insbesondere was den Zugang zu Bildung betrifft. \"Digitale Bildung f\u00fcr alle\" unterst\u00fctzt das Recht auf Zugang zu digitaler Bildung f\u00fcr Menschen, die zu den am meisten benachteiligten sozialen Gruppen geh\u00f6ren.<\/p>\n\t\t\t\t\t\t\t\t<\/div>\n\t\t\t\t\t<\/div>\n\t\t<\/div>\n\t\t\t\t\t<\/div>\n\t\t<\/section>\n\t\t\t\t<section class=\"elementor-section elementor-top-section elementor-element elementor-element-e1c358a elementor-section-boxed elementor-section-height-default elementor-section-height-default exad-glass-effect-no wpr-particle-no wpr-jarallax-no wpr-parallax-no wpr-sticky-section-no wpr-equal-height-no exad-sticky-section-no\" data-id=\"e1c358a\" data-element_type=\"section\" data-e-type=\"section\">\n\t\t\t\t\t\t<div class=\"elementor-container elementor-column-gap-default\">\n\t\t\t\t\t<div class=\"elementor-column elementor-col-33 elementor-top-column elementor-element elementor-element-eb03bfe column-style-top column-top exad-glass-effect-no exad-sticky-section-no\" data-id=\"eb03bfe\" data-element_type=\"column\" data-e-type=\"column\">\n\t\t\t<div class=\"elementor-widget-wrap\">\n\t\t\t\t\t\t\t<\/div>\n\t\t<\/div>\n\t\t\t\t<div class=\"elementor-column elementor-col-33 elementor-top-column elementor-element elementor-element-143b883 column-style-top column-top exad-glass-effect-no exad-sticky-section-no\" data-id=\"143b883\" data-element_type=\"column\" data-e-type=\"column\">\n\t\t\t<div class=\"elementor-widget-wrap elementor-element-populated\">\n\t\t\t\t\t\t<div class=\"elementor-element elementor-element-aa5a38a exad-sticky-section-no exad-glass-effect-no elementor-widget elementor-widget-text-editor\" data-id=\"aa5a38a\" data-element_type=\"widget\" data-e-type=\"widget\" data-widget_type=\"text-editor.default\">\n\t\t\t\t\t\t\t\t\t<p><strong><\/strong><\/p>\n<p>#DigitalEducationForAll #Education #Digital #MVISocialCampaign2020 #EuropeanYouthFoundation #EYF #CoE #MVInternational #MVI #heNetworkOfMineVagantiNGO #37NGOs #27Europ\u00e4ischeL\u00e4nder #8AssoziierteMitglieder #4Kontinente #Influence #HardWorkPaysOff #FollowUs @minevagantingo<\/p>\n\t\t\t\t\t\t\t\t<\/div>\n\t\t\t\t<div class=\"elementor-element elementor-element-39cdec7 exad-sticky-section-no exad-glass-effect-no elementor-widget elementor-widget-spacer\" data-id=\"39cdec7\" data-element_type=\"widget\" data-e-type=\"widget\" data-widget_type=\"spacer.default\">\n\t\t\t\t\t\t\t<div class=\"elementor-spacer\">\n\t\t\t<div class=\"elementor-spacer-inner\"><\/div>\n\t\t<\/div>\n\t\t\t\t\t\t<\/div>\n\t\t\t\t\t<\/div>\n\t\t<\/div>\n\t\t\t\t<div class=\"elementor-column elementor-col-33 elementor-top-column elementor-element elementor-element-3e20d10 column-style-top column-top exad-glass-effect-no exad-sticky-section-no\" data-id=\"3e20d10\" data-element_type=\"column\" data-e-type=\"column\">\n\t\t\t<div class=\"elementor-widget-wrap\">\n\t\t\t\t\t\t\t<\/div>\n\t\t<\/div>\n\t\t\t\t\t<\/div>\n\t\t<\/section>\n\t\t\t\t<section class=\"elementor-section elementor-top-section elementor-element elementor-element-ad9bceb elementor-section-boxed elementor-section-height-default elementor-section-height-default exad-glass-effect-no wpr-particle-no wpr-jarallax-no wpr-parallax-no wpr-sticky-section-no wpr-equal-height-no exad-sticky-section-no\" data-id=\"ad9bceb\" data-element_type=\"section\" data-e-type=\"section\">\n\t\t\t\t\t\t<div class=\"elementor-container elementor-column-gap-default\">\n\t\t\t\t\t<div class=\"elementor-column elementor-col-100 elementor-top-column elementor-element elementor-element-f8a9eb3 column-style-top column-top exad-glass-effect-no exad-sticky-section-no\" data-id=\"f8a9eb3\" data-element_type=\"column\" data-e-type=\"column\">\n\t\t\t<div class=\"elementor-widget-wrap elementor-element-populated\">\n\t\t\t\t\t\t<div class=\"elementor-element elementor-element-6f43a70 gallery-spacing-custom exad-sticky-section-no exad-glass-effect-no elementor-widget elementor-widget-image-gallery\" data-id=\"6f43a70\" data-element_type=\"widget\" data-e-type=\"widget\" data-widget_type=\"image-gallery.default\">\n\t\t\t\t\t\t\t<div class=\"elementor-image-gallery\">\n\t\t\t\n\t\t<style type=\"text\/css\">\n\t\t\t#gallery-1 {\n\t\t\t\tmargin: auto;\n\t\t\t}\n\t\t\t#gallery-1 .gallery-item {\n\t\t\t\tfloat: left;\n\t\t\t\tmargin-top: 10px;\n\t\t\t\ttext-align: center;\n\t\t\t\twidth: 33%;\n\t\t\t}\n\t\t\t#gallery-1 img {\n\t\t\t\tborder: 2px solid #cfcfcf;\n\t\t\t}\n\t\t\t#gallery-1 .gallery-caption {\n\t\t\t\tmargin-left: 0;\n\t\t\t}\n\t\t\t\/* see gallery_shortcode() in wp-includes\/media.php *\/\n\t\t<\/style>\n\t\t<div id='gallery-1' class='gallery galleryid-12100 gallery-columns-3 gallery-size-2048x2048'><dl class='gallery-item'>\n\t\t\t<dt class='gallery-icon landscape'>\n\t\t\t\t<a data-elementor-open-lightbox=\"yes\" data-elementor-lightbox-slideshow=\"6f43a70\" data-elementor-lightbox-title=\"mvi sc17\" data-e-action-hash=\"#elementor-action%3Aaction%3Dlightbox%26settings%3DeyJpZCI6MTQ3ODQsInVybCI6Imh0dHBzOlwvXC9tdmludGVybmF0aW9uYWwubmdvXC93cC1jb250ZW50XC91cGxvYWRzXC8yMDIyXC8xMVwvbXZpLXNjMTcuanBnIiwic2xpZGVzaG93IjoiNmY0M2E3MCJ9\" href='https:\/\/mvinternational.ngo\/wp-content\/uploads\/2022\/11\/mvi-sc17.jpg'><img decoding=\"async\" width=\"1080\" height=\"1080\" src=\"https:\/\/mvinternational.ngo\/wp-content\/uploads\/2022\/11\/mvi-sc17.jpg\" class=\"attachment-2048x2048 size-2048x2048\" alt=\"\" \/><\/a>\n\t\t\t<\/dt><\/dl><dl class='gallery-item'>\n\t\t\t<dt class='gallery-icon landscape'>\n\t\t\t\t<a data-elementor-open-lightbox=\"yes\" data-elementor-lightbox-slideshow=\"6f43a70\" data-elementor-lightbox-title=\"mvi sc16\" data-e-action-hash=\"#elementor-action%3Aaction%3Dlightbox%26settings%3DeyJpZCI6MTQ3ODIsInVybCI6Imh0dHBzOlwvXC9tdmludGVybmF0aW9uYWwubmdvXC93cC1jb250ZW50XC91cGxvYWRzXC8yMDIyXC8xMVwvbXZpLXNjMTYuanBnIiwic2xpZGVzaG93IjoiNmY0M2E3MCJ9\" href='https:\/\/mvinternational.ngo\/wp-content\/uploads\/2022\/11\/mvi-sc16.jpg'><img decoding=\"async\" width=\"1080\" height=\"1080\" src=\"https:\/\/mvinternational.ngo\/wp-content\/uploads\/2022\/11\/mvi-sc16.jpg\" class=\"attachment-2048x2048 size-2048x2048\" alt=\"\" \/><\/a>\n\t\t\t<\/dt><\/dl><dl class='gallery-item'>\n\t\t\t<dt class='gallery-icon landscape'>\n\t\t\t\t<a data-elementor-open-lightbox=\"yes\" data-elementor-lightbox-slideshow=\"6f43a70\" data-elementor-lightbox-title=\"mvi sc15\" data-e-action-hash=\"#elementor-action%3Aaction%3Dlightbox%26settings%3DeyJpZCI6MTQ3ODAsInVybCI6Imh0dHBzOlwvXC9tdmludGVybmF0aW9uYWwubmdvXC93cC1jb250ZW50XC91cGxvYWRzXC8yMDIyXC8xMVwvbXZpLXNjMTUuanBnIiwic2xpZGVzaG93IjoiNmY0M2E3MCJ9\" href='https:\/\/mvinternational.ngo\/wp-content\/uploads\/2022\/11\/mvi-sc15.jpg'><img loading=\"lazy\" decoding=\"async\" width=\"1080\" height=\"1080\" src=\"https:\/\/mvinternational.ngo\/wp-content\/uploads\/2022\/11\/mvi-sc15.jpg\" class=\"attachment-2048x2048 size-2048x2048\" alt=\"\" \/><\/a>\n\t\t\t<\/dt><\/dl><br style=\"clear: both\" \/><dl class='gallery-item'>\n\t\t\t<dt class='gallery-icon landscape'>\n\t\t\t\t<a data-elementor-open-lightbox=\"yes\" data-elementor-lightbox-slideshow=\"6f43a70\" data-elementor-lightbox-title=\"mvi sc14\" data-e-action-hash=\"#elementor-action%3Aaction%3Dlightbox%26settings%3DeyJpZCI6MTQ3NzksInVybCI6Imh0dHBzOlwvXC9tdmludGVybmF0aW9uYWwubmdvXC93cC1jb250ZW50XC91cGxvYWRzXC8yMDIyXC8xMVwvbXZpLXNjMTQuanBnIiwic2xpZGVzaG93IjoiNmY0M2E3MCJ9\" href='https:\/\/mvinternational.ngo\/wp-content\/uploads\/2022\/11\/mvi-sc14.jpg'><img loading=\"lazy\" decoding=\"async\" width=\"1080\" height=\"1080\" src=\"https:\/\/mvinternational.ngo\/wp-content\/uploads\/2022\/11\/mvi-sc14.jpg\" class=\"attachment-2048x2048 size-2048x2048\" alt=\"\" \/><\/a>\n\t\t\t<\/dt><\/dl><dl class='gallery-item'>\n\t\t\t<dt class='gallery-icon landscape'>\n\t\t\t\t<a data-elementor-open-lightbox=\"yes\" data-elementor-lightbox-slideshow=\"6f43a70\" data-elementor-lightbox-title=\"mvi sc13\" data-e-action-hash=\"#elementor-action%3Aaction%3Dlightbox%26settings%3DeyJpZCI6MTQ3NzgsInVybCI6Imh0dHBzOlwvXC9tdmludGVybmF0aW9uYWwubmdvXC93cC1jb250ZW50XC91cGxvYWRzXC8yMDIyXC8xMVwvbXZpLXNjMTMuanBnIiwic2xpZGVzaG93IjoiNmY0M2E3MCJ9\" href='https:\/\/mvinternational.ngo\/wp-content\/uploads\/2022\/11\/mvi-sc13.jpg'><img loading=\"lazy\" decoding=\"async\" width=\"1080\" height=\"1080\" src=\"https:\/\/mvinternational.ngo\/wp-content\/uploads\/2022\/11\/mvi-sc13.jpg\" class=\"attachment-2048x2048 size-2048x2048\" alt=\"\" \/><\/a>\n\t\t\t<\/dt><\/dl><dl class='gallery-item'>\n\t\t\t<dt class='gallery-icon landscape'>\n\t\t\t\t<a data-elementor-open-lightbox=\"yes\" data-elementor-lightbox-slideshow=\"6f43a70\" data-elementor-lightbox-title=\"mvi sc6\" data-e-action-hash=\"#elementor-action%3Aaction%3Dlightbox%26settings%3DeyJpZCI6MTQ3NzAsInVybCI6Imh0dHBzOlwvXC9tdmludGVybmF0aW9uYWwubmdvXC93cC1jb250ZW50XC91cGxvYWRzXC8yMDIyXC8xMVwvbXZpLXNjNi5qcGciLCJzbGlkZXNob3ciOiI2ZjQzYTcwIn0%3D\" href='https:\/\/mvinternational.ngo\/wp-content\/uploads\/2022\/11\/mvi-sc6.jpg'><img loading=\"lazy\" decoding=\"async\" width=\"1080\" height=\"1080\" src=\"https:\/\/mvinternational.ngo\/wp-content\/uploads\/2022\/11\/mvi-sc6.jpg\" class=\"attachment-2048x2048 size-2048x2048\" alt=\"\" \/><\/a>\n\t\t\t<\/dt><\/dl><br style=\"clear: both\" \/><dl class='gallery-item'>\n\t\t\t<dt class='gallery-icon landscape'>\n\t\t\t\t<a data-elementor-open-lightbox=\"yes\" data-elementor-lightbox-slideshow=\"6f43a70\" data-elementor-lightbox-title=\"mvi sc7\" data-e-action-hash=\"#elementor-action%3Aaction%3Dlightbox%26settings%3DeyJpZCI6MTQ3NzEsInVybCI6Imh0dHBzOlwvXC9tdmludGVybmF0aW9uYWwubmdvXC93cC1jb250ZW50XC91cGxvYWRzXC8yMDIyXC8xMVwvbXZpLXNjNy5qcGciLCJzbGlkZXNob3ciOiI2ZjQzYTcwIn0%3D\" href='https:\/\/mvinternational.ngo\/wp-content\/uploads\/2022\/11\/mvi-sc7.jpg'><img loading=\"lazy\" decoding=\"async\" width=\"1080\" height=\"1080\" src=\"https:\/\/mvinternational.ngo\/wp-content\/uploads\/2022\/11\/mvi-sc7.jpg\" class=\"attachment-2048x2048 size-2048x2048\" alt=\"\" \/><\/a>\n\t\t\t<\/dt><\/dl><dl class='gallery-item'>\n\t\t\t<dt class='gallery-icon landscape'>\n\t\t\t\t<a data-elementor-open-lightbox=\"yes\" data-elementor-lightbox-slideshow=\"6f43a70\" data-elementor-lightbox-title=\"mvi sc8\" data-e-action-hash=\"#elementor-action%3Aaction%3Dlightbox%26settings%3DeyJpZCI6MTQ3NzIsInVybCI6Imh0dHBzOlwvXC9tdmludGVybmF0aW9uYWwubmdvXC93cC1jb250ZW50XC91cGxvYWRzXC8yMDIyXC8xMVwvbXZpLXNjOC5wbmciLCJzbGlkZXNob3ciOiI2ZjQzYTcwIn0%3D\" href='https:\/\/mvinternational.ngo\/wp-content\/uploads\/2022\/11\/mvi-sc8.png'><img loading=\"lazy\" decoding=\"async\" width=\"1080\" height=\"1080\" src=\"https:\/\/mvinternational.ngo\/wp-content\/uploads\/2022\/11\/mvi-sc8.png\" class=\"attachment-2048x2048 size-2048x2048\" alt=\"\" \/><\/a>\n\t\t\t<\/dt><\/dl><dl class='gallery-item'>\n\t\t\t<dt class='gallery-icon landscape'>\n\t\t\t\t<a data-elementor-open-lightbox=\"yes\" data-elementor-lightbox-slideshow=\"6f43a70\" data-elementor-lightbox-title=\"mvi sc10\" data-e-action-hash=\"#elementor-action%3Aaction%3Dlightbox%26settings%3DeyJpZCI6MTQ3NzQsInVybCI6Imh0dHBzOlwvXC9tdmludGVybmF0aW9uYWwubmdvXC93cC1jb250ZW50XC91cGxvYWRzXC8yMDIyXC8xMVwvbXZpLXNjMTAuanBnIiwic2xpZGVzaG93IjoiNmY0M2E3MCJ9\" href='https:\/\/mvinternational.ngo\/wp-content\/uploads\/2022\/11\/mvi-sc10.jpg'><img loading=\"lazy\" decoding=\"async\" width=\"1080\" height=\"1080\" src=\"https:\/\/mvinternational.ngo\/wp-content\/uploads\/2022\/11\/mvi-sc10.jpg\" class=\"attachment-2048x2048 size-2048x2048\" alt=\"\" \/><\/a>\n\t\t\t<\/dt><\/dl><br style=\"clear: both\" \/><dl class='gallery-item'>\n\t\t\t<dt class='gallery-icon landscape'>\n\t\t\t\t<a data-elementor-open-lightbox=\"yes\" data-elementor-lightbox-slideshow=\"6f43a70\" data-elementor-lightbox-title=\"mvi sc11\" data-e-action-hash=\"#elementor-action%3Aaction%3Dlightbox%26settings%3DeyJpZCI6MTQ3NzYsInVybCI6Imh0dHBzOlwvXC9tdmludGVybmF0aW9uYWwubmdvXC93cC1jb250ZW50XC91cGxvYWRzXC8yMDIyXC8xMVwvbXZpLXNjMTEuanBnIiwic2xpZGVzaG93IjoiNmY0M2E3MCJ9\" href='https:\/\/mvinternational.ngo\/wp-content\/uploads\/2022\/11\/mvi-sc11.jpg'><img loading=\"lazy\" decoding=\"async\" width=\"1080\" height=\"1080\" src=\"https:\/\/mvinternational.ngo\/wp-content\/uploads\/2022\/11\/mvi-sc11.jpg\" class=\"attachment-2048x2048 size-2048x2048\" alt=\"\" \/><\/a>\n\t\t\t<\/dt><\/dl><dl class='gallery-item'>\n\t\t\t<dt class='gallery-icon landscape'>\n\t\t\t\t<a data-elementor-open-lightbox=\"yes\" data-elementor-lightbox-slideshow=\"6f43a70\" data-elementor-lightbox-title=\"mvi sc12\" data-e-action-hash=\"#elementor-action%3Aaction%3Dlightbox%26settings%3DeyJpZCI6MTQ3NzcsInVybCI6Imh0dHBzOlwvXC9tdmludGVybmF0aW9uYWwubmdvXC93cC1jb250ZW50XC91cGxvYWRzXC8yMDIyXC8xMVwvbXZpLXNjMTIucG5nIiwic2xpZGVzaG93IjoiNmY0M2E3MCJ9\" href='https:\/\/mvinternational.ngo\/wp-content\/uploads\/2022\/11\/mvi-sc12.png'><img loading=\"lazy\" decoding=\"async\" width=\"1080\" height=\"1080\" src=\"https:\/\/mvinternational.ngo\/wp-content\/uploads\/2022\/11\/mvi-sc12.png\" class=\"attachment-2048x2048 size-2048x2048\" alt=\"\" \/><\/a>\n\t\t\t<\/dt><\/dl><dl class='gallery-item'>\n\t\t\t<dt class='gallery-icon landscape'>\n\t\t\t\t<a data-elementor-open-lightbox=\"yes\" data-elementor-lightbox-slideshow=\"6f43a70\" data-elementor-lightbox-title=\"mvi sc5\" data-e-action-hash=\"#elementor-action%3Aaction%3Dlightbox%26settings%3DeyJpZCI6MTQ3NjksInVybCI6Imh0dHBzOlwvXC9tdmludGVybmF0aW9uYWwubmdvXC93cC1jb250ZW50XC91cGxvYWRzXC8yMDIyXC8xMVwvbXZpLXNjNS5qcGciLCJzbGlkZXNob3ciOiI2ZjQzYTcwIn0%3D\" href='https:\/\/mvinternational.ngo\/wp-content\/uploads\/2022\/11\/mvi-sc5.jpg'><img loading=\"lazy\" decoding=\"async\" width=\"1080\" height=\"1080\" src=\"https:\/\/mvinternational.ngo\/wp-content\/uploads\/2022\/11\/mvi-sc5.jpg\" class=\"attachment-2048x2048 size-2048x2048\" alt=\"\" \/><\/a>\n\t\t\t<\/dt><\/dl><br style=\"clear: both\" \/><dl class='gallery-item'>\n\t\t\t<dt class='gallery-icon landscape'>\n\t\t\t\t<a data-elementor-open-lightbox=\"yes\" data-elementor-lightbox-slideshow=\"6f43a70\" data-elementor-lightbox-title=\"mvi sc4\" data-e-action-hash=\"#elementor-action%3Aaction%3Dlightbox%26settings%3DeyJpZCI6MTQ3NjgsInVybCI6Imh0dHBzOlwvXC9tdmludGVybmF0aW9uYWwubmdvXC93cC1jb250ZW50XC91cGxvYWRzXC8yMDIyXC8xMVwvbXZpLXNjNC5qcGciLCJzbGlkZXNob3ciOiI2ZjQzYTcwIn0%3D\" href='https:\/\/mvinternational.ngo\/wp-content\/uploads\/2022\/11\/mvi-sc4.jpg'><img loading=\"lazy\" decoding=\"async\" width=\"1080\" height=\"1080\" src=\"https:\/\/mvinternational.ngo\/wp-content\/uploads\/2022\/11\/mvi-sc4.jpg\" class=\"attachment-2048x2048 size-2048x2048\" alt=\"\" \/><\/a>\n\t\t\t<\/dt><\/dl><dl class='gallery-item'>\n\t\t\t<dt class='gallery-icon landscape'>\n\t\t\t\t<a data-elementor-open-lightbox=\"yes\" data-elementor-lightbox-slideshow=\"6f43a70\" data-elementor-lightbox-title=\"mvi sc3\" data-e-action-hash=\"#elementor-action%3Aaction%3Dlightbox%26settings%3DeyJpZCI6MTQ3NjYsInVybCI6Imh0dHBzOlwvXC9tdmludGVybmF0aW9uYWwubmdvXC93cC1jb250ZW50XC91cGxvYWRzXC8yMDIyXC8xMVwvbXZpLXNjMy5wbmciLCJzbGlkZXNob3ciOiI2ZjQzYTcwIn0%3D\" href='https:\/\/mvinternational.ngo\/wp-content\/uploads\/2022\/11\/mvi-sc3.png'><img loading=\"lazy\" decoding=\"async\" width=\"1080\" height=\"1080\" src=\"https:\/\/mvinternational.ngo\/wp-content\/uploads\/2022\/11\/mvi-sc3.png\" class=\"attachment-2048x2048 size-2048x2048\" alt=\"\" \/><\/a>\n\t\t\t<\/dt><\/dl><dl class='gallery-item'>\n\t\t\t<dt class='gallery-icon landscape'>\n\t\t\t\t<a data-elementor-open-lightbox=\"yes\" data-elementor-lightbox-slideshow=\"6f43a70\" data-elementor-lightbox-title=\"mvi sc2\" data-e-action-hash=\"#elementor-action%3Aaction%3Dlightbox%26settings%3DeyJpZCI6MTQ3NjQsInVybCI6Imh0dHBzOlwvXC9tdmludGVybmF0aW9uYWwubmdvXC93cC1jb250ZW50XC91cGxvYWRzXC8yMDIyXC8xMVwvbXZpLXNjMi5qcGciLCJzbGlkZXNob3ciOiI2ZjQzYTcwIn0%3D\" href='https:\/\/mvinternational.ngo\/wp-content\/uploads\/2022\/11\/mvi-sc2.jpg'><img loading=\"lazy\" decoding=\"async\" width=\"1080\" height=\"1080\" src=\"https:\/\/mvinternational.ngo\/wp-content\/uploads\/2022\/11\/mvi-sc2.jpg\" class=\"attachment-2048x2048 size-2048x2048\" alt=\"\" \/><\/a>\n\t\t\t<\/dt><\/dl><br style=\"clear: both\" \/><dl class='gallery-item'>\n\t\t\t<dt class='gallery-icon landscape'>\n\t\t\t\t<a data-elementor-open-lightbox=\"yes\" data-elementor-lightbox-slideshow=\"6f43a70\" data-elementor-lightbox-title=\"mvi sc 9\" data-e-action-hash=\"#elementor-action%3Aaction%3Dlightbox%26settings%3DeyJpZCI6MTQ3NjIsInVybCI6Imh0dHBzOlwvXC9tdmludGVybmF0aW9uYWwubmdvXC93cC1jb250ZW50XC91cGxvYWRzXC8yMDIyXC8xMVwvbXZpLXNjLTkuanBnIiwic2xpZGVzaG93IjoiNmY0M2E3MCJ9\" href='https:\/\/mvinternational.ngo\/wp-content\/uploads\/2022\/11\/mvi-sc-9.jpg'><img loading=\"lazy\" decoding=\"async\" width=\"1080\" height=\"1080\" src=\"https:\/\/mvinternational.ngo\/wp-content\/uploads\/2022\/11\/mvi-sc-9.jpg\" class=\"attachment-2048x2048 size-2048x2048\" alt=\"\" \/><\/a>\n\t\t\t<\/dt><\/dl><dl class='gallery-item'>\n\t\t\t<dt class='gallery-icon landscape'>\n\t\t\t\t<a data-elementor-open-lightbox=\"yes\" data-elementor-lightbox-slideshow=\"6f43a70\" data-elementor-lightbox-title=\"mvisc16\" data-e-action-hash=\"#elementor-action%3Aaction%3Dlightbox%26settings%3DeyJpZCI6MTQ3NjEsInVybCI6Imh0dHBzOlwvXC9tdmludGVybmF0aW9uYWwubmdvXC93cC1jb250ZW50XC91cGxvYWRzXC8yMDIyXC8xMVwvbXZpc2MxNi5wbmciLCJzbGlkZXNob3ciOiI2ZjQzYTcwIn0%3D\" href='https:\/\/mvinternational.ngo\/wp-content\/uploads\/2022\/11\/mvisc16.png'><img loading=\"lazy\" decoding=\"async\" width=\"1080\" height=\"1080\" src=\"https:\/\/mvinternational.ngo\/wp-content\/uploads\/2022\/11\/mvisc16.png\" class=\"attachment-2048x2048 size-2048x2048\" alt=\"\" \/><\/a>\n\t\t\t<\/dt><\/dl>\n\t\t\t<br style='clear: both' \/>\n\t\t<\/div>\n\t\t<\/div>\n\t\t\t\t\t\t<\/div>\n\t\t\t\t\t<\/div>\n\t\t<\/div>\n\t\t\t\t\t<\/div>\n\t\t<\/section>\n\t\t\t\t<\/div>","protected":false},"excerpt":{"rendered":"<p>MV International hat die Sozialkampagne \"Digitale Bildung f\u00fcr alle\" gestartet. Der COVID-Virus hat das Leben vieler Menschen beeintr\u00e4chtigt, insbesondere was den Zugang zu Bildung betrifft. \"Digitale Bildung f\u00fcr alle\" unterst\u00fctzt das Recht auf Zugang zu digitaler Bildung f\u00fcr Menschen, die zu den am meisten benachteiligten sozialen Gruppen geh\u00f6ren. #DigitalEducationForAll #Education #Digital #MVISocialCampaign2020 #EuropeanYouthFoundation #EYF #CoE #MVInternational #MVI #heNetworkOfMineVagantiNGO #37NGOs #27Europ\u00e4ischeL\u00e4nder #8AssoziierteMitglieder #4Kontinente #Influence #HardWorkPaysOff #FollowUs @minevagantingo<\/p>","protected":false},"author":5,"featured_media":0,"parent":0,"menu_order":0,"comment_status":"closed","ping_status":"closed","template":"","meta":{"footnotes":""},"class_list":["post-12100","page","type-page","status-publish","hentry"],"_links":{"self":[{"href":"http:\/\/mvinternational.ngo\/de\/wp-json\/wp\/v2\/pages\/12100","targetHints":{"allow":["GET"]}}],"collection":[{"href":"http:\/\/mvinternational.ngo\/de\/wp-json\/wp\/v2\/pages"}],"about":[{"href":"http:\/\/mvinternational.ngo\/de\/wp-json\/wp\/v2\/types\/page"}],"author":[{"embeddable":true,"href":"http:\/\/mvinternational.ngo\/de\/wp-json\/wp\/v2\/users\/5"}],"replies":[{"embeddable":true,"href":"http:\/\/mvinternational.ngo\/de\/wp-json\/wp\/v2\/comments?post=12100"}],"version-history":[{"count":35,"href":"http:\/\/mvinternational.ngo\/de\/wp-json\/wp\/v2\/pages\/12100\/revisions"}],"predecessor-version":[{"id":14828,"href":"http:\/\/mvinternational.ngo\/de\/wp-json\/wp\/v2\/pages\/12100\/revisions\/14828"}],"wp:attachment":[{"href":"http:\/\/mvinternational.ngo\/de\/wp-json\/wp\/v2\/media?parent=12100"}],"curies":[{"name":"wp","href":"https:\/\/api.w.org\/{rel}","templated":true}]}}